{"id":1531,"date":"2023-07-05T10:34:27","date_gmt":"2023-07-05T10:34:27","guid":{"rendered":"https:\/\/2wengenharia.com\/portefolio\/lagos-copy\/"},"modified":"2025-01-20T21:30:59","modified_gmt":"2025-01-20T21:30:59","slug":"ds-credito","status":"publish","type":"page","link":"https:\/\/2wengenharia.com\/en\/portfolio\/ds-credito\/","title":{"rendered":"DS CR\u00c9DITO"},"content":{"rendered":"<div data-elementor-type=\"wp-page\" data-elementor-id=\"1531\" class=\"elementor elementor-1531\">\n\t\t\t\t\t\t<section class=\"elementor-section elementor-top-section elementor-element elementor-element-61c4cb8f elementor-section-boxed elementor-section-height-default elementor-section-height-default\" data-id=\"61c4cb8f\" data-element_type=\"section\" data-settings=\"{&quot;background_background&quot;:&quot;classic&quot;}\">\n\t\t\t\t\t\t\t<div class=\"elementor-background-overlay\"><\/div>\n\t\t\t\t\t\t\t<div class=\"elementor-container elementor-column-gap-default\">\n\t\t\t\t\t<div class=\"elementor-column elementor-col-100 elementor-top-column elementor-element elementor-element-4eb05c72\" data-id=\"4eb05c72\" data-element_type=\"column\">\n\t\t\t<div class=\"elementor-widget-wrap elementor-element-populated\">\n\t\t\t\t\t\t<div class=\"elementor-element elementor-element-5c3922a2 elementor-widget elementor-widget-heading\" data-id=\"5c3922a2\" data-element_type=\"widget\" data-widget_type=\"heading.default\">\n\t\t\t\t<div class=\"elementor-widget-container\">\n\t\t\t\t\t<h2 class=\"elementor-heading-title elementor-size-default\">DS Cr\u00e9dito<\/h2>\t\t\t\t<\/div>\n\t\t\t\t<\/div>\n\t\t\t\t\t<\/div>\n\t\t<\/div>\n\t\t\t\t\t<\/div>\n\t\t<\/section>\n\t\t\t\t<section class=\"elementor-section elementor-top-section elementor-element elementor-element-573c3907 elementor-section-boxed elementor-section-height-default elementor-section-height-default\" data-id=\"573c3907\" data-element_type=\"section\">\n\t\t\t\t\t\t<div class=\"elementor-container elementor-column-gap-default\">\n\t\t\t\t\t<div class=\"elementor-column elementor-col-50 elementor-top-column elementor-element elementor-element-bd65c9b\" data-id=\"bd65c9b\" data-element_type=\"column\">\n\t\t\t<div class=\"elementor-widget-wrap elementor-element-populated\">\n\t\t\t\t\t\t<div class=\"elementor-element elementor-element-6bff6f38 elementor-widget elementor-widget-text-editor\" data-id=\"6bff6f38\" data-element_type=\"widget\" data-widget_type=\"text-editor.default\">\n\t\t\t\t<div class=\"elementor-widget-container\">\n\t\t\t\t\t\t\t\t\t<p class=\"p1\">One of the largest agencies of<span class=\"Apple-converted-space\">\u00a0 <\/span>credit intermediaries in the country presented 2W with the challenge of remodeling its first store in the Western Algarve.<\/p><p class=\"p1\">In about 4 weeks, 2W completely remodeled the store, according to the project provided by DS CR\u00c9DITO architects.<\/p>\t\t\t\t\t\t\t\t<\/div>\n\t\t\t\t<\/div>\n\t\t\t\t<div class=\"elementor-element elementor-element-27597cd2 elementor-widget__width-initial elementor-icon-list--layout-traditional elementor-list-item-link-full_width elementor-widget elementor-widget-icon-list\" data-id=\"27597cd2\" data-element_type=\"widget\" data-widget_type=\"icon-list.default\">\n\t\t\t\t<div class=\"elementor-widget-container\">\n\t\t\t\t\t\t\t<ul class=\"elementor-icon-list-items\">\n\t\t\t\t\t\t\t<li class=\"elementor-icon-list-item\">\n\t\t\t\t\t\t\t\t\t\t<span class=\"elementor-icon-list-text\">Client:<\/span>\n\t\t\t\t\t\t\t\t\t<\/li>\n\t\t\t\t\t\t\t\t<li class=\"elementor-icon-list-item\">\n\t\t\t\t\t\t\t\t\t\t<span class=\"elementor-icon-list-text\">Project:<\/span>\n\t\t\t\t\t\t\t\t\t<\/li>\n\t\t\t\t\t\t\t\t<li class=\"elementor-icon-list-item\">\n\t\t\t\t\t\t\t\t\t\t<span class=\"elementor-icon-list-text\">Place:<\/span>\n\t\t\t\t\t\t\t\t\t<\/li>\n\t\t\t\t\t\t<\/ul>\n\t\t\t\t\t\t<\/div>\n\t\t\t\t<\/div>\n\t\t\t\t<div class=\"elementor-element elementor-element-65318d5d elementor-widget__width-initial elementor-icon-list--layout-traditional elementor-list-item-link-full_width elementor-widget elementor-widget-icon-list\" data-id=\"65318d5d\" data-element_type=\"widget\" data-widget_type=\"icon-list.default\">\n\t\t\t\t<div class=\"elementor-widget-container\">\n\t\t\t\t\t\t\t<ul class=\"elementor-icon-list-items\">\n\t\t\t\t\t\t\t<li class=\"elementor-icon-list-item\">\n\t\t\t\t\t\t\t\t\t\t<span class=\"elementor-icon-list-text\">DS Cr\u00e9dito<\/span>\n\t\t\t\t\t\t\t\t\t<\/li>\n\t\t\t\t\t\t\t\t<li class=\"elementor-icon-list-item\">\n\t\t\t\t\t\t\t\t\t\t<span class=\"elementor-icon-list-text\">Renovation<\/span>\n\t\t\t\t\t\t\t\t\t<\/li>\n\t\t\t\t\t\t\t\t<li class=\"elementor-icon-list-item\">\n\t\t\t\t\t\t\t\t\t\t<span class=\"elementor-icon-list-text\">Praia da Luz, Lagos<\/span>\n\t\t\t\t\t\t\t\t\t<\/li>\n\t\t\t\t\t\t<\/ul>\n\t\t\t\t\t\t<\/div>\n\t\t\t\t<\/div>\n\t\t\t\t\t<\/div>\n\t\t<\/div>\n\t\t\t\t<div class=\"elementor-column elementor-col-50 elementor-top-column elementor-element elementor-element-4febf9db\" data-id=\"4febf9db\" data-element_type=\"column\">\n\t\t\t<div class=\"elementor-widget-wrap elementor-element-populated\">\n\t\t\t\t\t\t<div class=\"elementor-element elementor-element-1f8d3f06 gallery-spacing-custom elementor-widget elementor-widget-image-gallery\" data-id=\"1f8d3f06\" data-element_type=\"widget\" data-widget_type=\"image-gallery.default\">\n\t\t\t\t<div class=\"elementor-widget-container\">\n\t\t\t\t\t\t\t<div class=\"elementor-image-gallery\">\n\t\t\t<div id='gallery-1' class='gallery galleryid-1531 gallery-columns-2 gallery-size-medium'><figure class='gallery-item'>\n\t\t\t<div class='gallery-icon portrait'>\n\t\t\t\t<a data-elementor-open-lightbox=\"yes\" data-elementor-lightbox-slideshow=\"1f8d3f06\" data-elementor-lightbox-title=\"1.-IMG_6066\" data-e-action-hash=\"#elementor-action%3Aaction%3Dlightbox%26settings%3DeyJpZCI6MTUzMywidXJsIjoiaHR0cHM6XC9cLzJ3ZW5nZW5oYXJpYS5jb21cL3dwLWNvbnRlbnRcL3VwbG9hZHNcLzIwMjNcLzA3XC8xLi1JTUdfNjA2Ni5qcGciLCJzbGlkZXNob3ciOiIxZjhkM2YwNiJ9\" href='https:\/\/2wengenharia.com\/wp-content\/uploads\/2023\/07\/1.-IMG_6066.jpg'><img fetchpriority=\"high\" decoding=\"async\" width=\"249\" height=\"300\" src=\"https:\/\/2wengenharia.com\/wp-content\/uploads\/2023\/07\/1.-IMG_6066-249x300.jpg\" class=\"attachment-medium size-medium\" alt=\"\" srcset=\"https:\/\/2wengenharia.com\/wp-content\/uploads\/2023\/07\/1.-IMG_6066-249x300.jpg 249w, https:\/\/2wengenharia.com\/wp-content\/uploads\/2023\/07\/1.-IMG_6066-850x1024.jpg 850w, https:\/\/2wengenharia.com\/wp-content\/uploads\/2023\/07\/1.-IMG_6066-768x925.jpg 768w, https:\/\/2wengenharia.com\/wp-content\/uploads\/2023\/07\/1.-IMG_6066.jpg 996w\" sizes=\"(max-width: 249px) 100vw, 249px\" \/><\/a>\n\t\t\t<\/div><\/figure><figure class='gallery-item'>\n\t\t\t<div class='gallery-icon landscape'>\n\t\t\t\t<a data-elementor-open-lightbox=\"yes\" data-elementor-lightbox-slideshow=\"1f8d3f06\" data-elementor-lightbox-title=\"8.-IMG_6004\" data-e-action-hash=\"#elementor-action%3Aaction%3Dlightbox%26settings%3DeyJpZCI6MTU1NCwidXJsIjoiaHR0cHM6XC9cLzJ3ZW5nZW5oYXJpYS5jb21cL3dwLWNvbnRlbnRcL3VwbG9hZHNcLzIwMjNcLzA3XC84Li1JTUdfNjAwNC5qcGciLCJzbGlkZXNob3ciOiIxZjhkM2YwNiJ9\" href='https:\/\/2wengenharia.com\/wp-content\/uploads\/2023\/07\/8.-IMG_6004.jpg'><img decoding=\"async\" width=\"300\" height=\"225\" src=\"https:\/\/2wengenharia.com\/wp-content\/uploads\/2023\/07\/8.-IMG_6004-300x225.jpg\" class=\"attachment-medium size-medium\" alt=\"\" srcset=\"https:\/\/2wengenharia.com\/wp-content\/uploads\/2023\/07\/8.-IMG_6004-300x225.jpg 300w, https:\/\/2wengenharia.com\/wp-content\/uploads\/2023\/07\/8.-IMG_6004-1024x768.jpg 1024w, https:\/\/2wengenharia.com\/wp-content\/uploads\/2023\/07\/8.-IMG_6004-768x576.jpg 768w, https:\/\/2wengenharia.com\/wp-content\/uploads\/2023\/07\/8.-IMG_6004.jpg 1200w\" sizes=\"(max-width: 300px) 100vw, 300px\" \/><\/a>\n\t\t\t<\/div><\/figure><figure class='gallery-item'>\n\t\t\t<div class='gallery-icon portrait'>\n\t\t\t\t<a data-elementor-open-lightbox=\"yes\" data-elementor-lightbox-slideshow=\"1f8d3f06\" data-elementor-lightbox-title=\"4.-IMG_5706\" data-e-action-hash=\"#elementor-action%3Aaction%3Dlightbox%26settings%3DeyJpZCI6MTU0MiwidXJsIjoiaHR0cHM6XC9cLzJ3ZW5nZW5oYXJpYS5jb21cL3dwLWNvbnRlbnRcL3VwbG9hZHNcLzIwMjNcLzA3XC80Li1JTUdfNTcwNi5qcGciLCJzbGlkZXNob3ciOiIxZjhkM2YwNiJ9\" href='https:\/\/2wengenharia.com\/wp-content\/uploads\/2023\/07\/4.-IMG_5706.jpg'><img decoding=\"async\" width=\"222\" height=\"300\" src=\"https:\/\/2wengenharia.com\/wp-content\/uploads\/2023\/07\/4.-IMG_5706-222x300.jpg\" class=\"attachment-medium size-medium\" alt=\"\" srcset=\"https:\/\/2wengenharia.com\/wp-content\/uploads\/2023\/07\/4.-IMG_5706-222x300.jpg 222w, https:\/\/2wengenharia.com\/wp-content\/uploads\/2023\/07\/4.-IMG_5706-758x1024.jpg 758w, https:\/\/2wengenharia.com\/wp-content\/uploads\/2023\/07\/4.-IMG_5706-768x1038.jpg 768w, https:\/\/2wengenharia.com\/wp-content\/uploads\/2023\/07\/4.-IMG_5706.jpg 888w\" sizes=\"(max-width: 222px) 100vw, 222px\" \/><\/a>\n\t\t\t<\/div><\/figure><figure class='gallery-item'>\n\t\t\t<div class='gallery-icon portrait'>\n\t\t\t\t<a data-elementor-open-lightbox=\"yes\" data-elementor-lightbox-slideshow=\"1f8d3f06\" data-elementor-lightbox-title=\"2.-IMG_4938\" data-e-action-hash=\"#elementor-action%3Aaction%3Dlightbox%26settings%3DeyJpZCI6MTUzNiwidXJsIjoiaHR0cHM6XC9cLzJ3ZW5nZW5oYXJpYS5jb21cL3dwLWNvbnRlbnRcL3VwbG9hZHNcLzIwMjNcLzA3XC8yLi1JTUdfNDkzOC5qcGciLCJzbGlkZXNob3ciOiIxZjhkM2YwNiJ9\" href='https:\/\/2wengenharia.com\/wp-content\/uploads\/2023\/07\/2.-IMG_4938.jpg'><img loading=\"lazy\" decoding=\"async\" width=\"225\" height=\"300\" src=\"https:\/\/2wengenharia.com\/wp-content\/uploads\/2023\/07\/2.-IMG_4938-225x300.jpg\" class=\"attachment-medium size-medium\" alt=\"\" srcset=\"https:\/\/2wengenharia.com\/wp-content\/uploads\/2023\/07\/2.-IMG_4938-225x300.jpg 225w, https:\/\/2wengenharia.com\/wp-content\/uploads\/2023\/07\/2.-IMG_4938-768x1024.jpg 768w, https:\/\/2wengenharia.com\/wp-content\/uploads\/2023\/07\/2.-IMG_4938.jpg 900w\" sizes=\"(max-width: 225px) 100vw, 225px\" \/><\/a>\n\t\t\t<\/div><\/figure><figure class='gallery-item'>\n\t\t\t<div class='gallery-icon portrait'>\n\t\t\t\t<a data-elementor-open-lightbox=\"yes\" data-elementor-lightbox-slideshow=\"1f8d3f06\" data-elementor-lightbox-title=\"3.-IMG_6063\" data-e-action-hash=\"#elementor-action%3Aaction%3Dlightbox%26settings%3DeyJpZCI6MTUzOSwidXJsIjoiaHR0cHM6XC9cLzJ3ZW5nZW5oYXJpYS5jb21cL3dwLWNvbnRlbnRcL3VwbG9hZHNcLzIwMjNcLzA3XC8zLi1JTUdfNjA2My5qcGciLCJzbGlkZXNob3ciOiIxZjhkM2YwNiJ9\" href='https:\/\/2wengenharia.com\/wp-content\/uploads\/2023\/07\/3.-IMG_6063.jpg'><img loading=\"lazy\" decoding=\"async\" width=\"225\" height=\"300\" src=\"https:\/\/2wengenharia.com\/wp-content\/uploads\/2023\/07\/3.-IMG_6063-225x300.jpg\" class=\"attachment-medium size-medium\" alt=\"\" srcset=\"https:\/\/2wengenharia.com\/wp-content\/uploads\/2023\/07\/3.-IMG_6063-225x300.jpg 225w, https:\/\/2wengenharia.com\/wp-content\/uploads\/2023\/07\/3.-IMG_6063-768x1024.jpg 768w, https:\/\/2wengenharia.com\/wp-content\/uploads\/2023\/07\/3.-IMG_6063.jpg 900w\" sizes=\"(max-width: 225px) 100vw, 225px\" \/><\/a>\n\t\t\t<\/div><\/figure><figure class='gallery-item'>\n\t\t\t<div class='gallery-icon portrait'>\n\t\t\t\t<a data-elementor-open-lightbox=\"yes\" data-elementor-lightbox-slideshow=\"1f8d3f06\" data-elementor-lightbox-title=\"5.-IMG_6067\" data-e-action-hash=\"#elementor-action%3Aaction%3Dlightbox%26settings%3DeyJpZCI6MTU0NSwidXJsIjoiaHR0cHM6XC9cLzJ3ZW5nZW5oYXJpYS5jb21cL3dwLWNvbnRlbnRcL3VwbG9hZHNcLzIwMjNcLzA3XC81Li1JTUdfNjA2Ny5qcGciLCJzbGlkZXNob3ciOiIxZjhkM2YwNiJ9\" href='https:\/\/2wengenharia.com\/wp-content\/uploads\/2023\/07\/5.-IMG_6067.jpg'><img loading=\"lazy\" decoding=\"async\" width=\"225\" height=\"300\" src=\"https:\/\/2wengenharia.com\/wp-content\/uploads\/2023\/07\/5.-IMG_6067-225x300.jpg\" class=\"attachment-medium size-medium\" alt=\"\" srcset=\"https:\/\/2wengenharia.com\/wp-content\/uploads\/2023\/07\/5.-IMG_6067-225x300.jpg 225w, https:\/\/2wengenharia.com\/wp-content\/uploads\/2023\/07\/5.-IMG_6067-768x1024.jpg 768w, https:\/\/2wengenharia.com\/wp-content\/uploads\/2023\/07\/5.-IMG_6067.jpg 900w\" sizes=\"(max-width: 225px) 100vw, 225px\" \/><\/a>\n\t\t\t<\/div><\/figure><figure class='gallery-item'>\n\t\t\t<div class='gallery-icon portrait'>\n\t\t\t\t<a data-elementor-open-lightbox=\"yes\" data-elementor-lightbox-slideshow=\"1f8d3f06\" data-elementor-lightbox-title=\"6.-IMG_4939\" data-e-action-hash=\"#elementor-action%3Aaction%3Dlightbox%26settings%3DeyJpZCI6MTU0OCwidXJsIjoiaHR0cHM6XC9cLzJ3ZW5nZW5oYXJpYS5jb21cL3dwLWNvbnRlbnRcL3VwbG9hZHNcLzIwMjNcLzA3XC82Li1JTUdfNDkzOS5qcGciLCJzbGlkZXNob3ciOiIxZjhkM2YwNiJ9\" href='https:\/\/2wengenharia.com\/wp-content\/uploads\/2023\/07\/6.-IMG_4939.jpg'><img loading=\"lazy\" decoding=\"async\" width=\"225\" height=\"300\" src=\"https:\/\/2wengenharia.com\/wp-content\/uploads\/2023\/07\/6.-IMG_4939-225x300.jpg\" class=\"attachment-medium size-medium\" alt=\"\" srcset=\"https:\/\/2wengenharia.com\/wp-content\/uploads\/2023\/07\/6.-IMG_4939-225x300.jpg 225w, https:\/\/2wengenharia.com\/wp-content\/uploads\/2023\/07\/6.-IMG_4939-768x1024.jpg 768w, https:\/\/2wengenharia.com\/wp-content\/uploads\/2023\/07\/6.-IMG_4939.jpg 900w\" sizes=\"(max-width: 225px) 100vw, 225px\" \/><\/a>\n\t\t\t<\/div><\/figure><figure class='gallery-item'>\n\t\t\t<div class='gallery-icon portrait'>\n\t\t\t\t<a data-elementor-open-lightbox=\"yes\" data-elementor-lightbox-slideshow=\"1f8d3f06\" data-elementor-lightbox-title=\"7.-IMG_6061\" data-e-action-hash=\"#elementor-action%3Aaction%3Dlightbox%26settings%3DeyJpZCI6MTU1MSwidXJsIjoiaHR0cHM6XC9cLzJ3ZW5nZW5oYXJpYS5jb21cL3dwLWNvbnRlbnRcL3VwbG9hZHNcLzIwMjNcLzA3XC83Li1JTUdfNjA2MS5qcGciLCJzbGlkZXNob3ciOiIxZjhkM2YwNiJ9\" href='https:\/\/2wengenharia.com\/wp-content\/uploads\/2023\/07\/7.-IMG_6061.jpg'><img loading=\"lazy\" decoding=\"async\" width=\"225\" height=\"300\" src=\"https:\/\/2wengenharia.com\/wp-content\/uploads\/2023\/07\/7.-IMG_6061-225x300.jpg\" class=\"attachment-medium size-medium\" alt=\"\" srcset=\"https:\/\/2wengenharia.com\/wp-content\/uploads\/2023\/07\/7.-IMG_6061-225x300.jpg 225w, https:\/\/2wengenharia.com\/wp-content\/uploads\/2023\/07\/7.-IMG_6061-768x1024.jpg 768w, https:\/\/2wengenharia.com\/wp-content\/uploads\/2023\/07\/7.-IMG_6061.jpg 900w\" sizes=\"(max-width: 225px) 100vw, 225px\" \/><\/a>\n\t\t\t<\/div><\/figure>\n\t\t<\/div>\n\t\t<\/div>\n\t\t\t\t\t\t<\/div>\n\t\t\t\t<\/div>\n\t\t\t\t\t<\/div>\n\t\t<\/div>\n\t\t\t\t\t<\/div>\n\t\t<\/section>\n\t\t\t\t<\/div>","protected":false},"excerpt":{"rendered":"<p>DS Cr\u00e9dito Uma das maiores ag\u00eancias de\u00a0 intermedi\u00e1rios de cr\u00e9dito do Pa\u00eds colocou \u00e0 2W o desafio de remodelar a sua primeira loja no Barlavento Algarvio. Em cerca de 4 semanas a 2W remodelou totalmente a loja, de acordo com o projeto fornecido pelos arquitetos da DS CR\u00c9DITO. Cliente: Projeto: Local: DS Cr\u00e9dito Renova\u00e7\u00e3o Praia [&hellip;]<\/p>","protected":false},"author":1,"featured_media":0,"parent":304,"menu_order":0,"comment_status":"closed","ping_status":"closed","template":"elementor_header_footer","meta":{"footnotes":""},"class_list":["post-1531","page","type-page","status-publish","hentry"],"_links":{"self":[{"href":"https:\/\/2wengenharia.com\/en\/wp-json\/wp\/v2\/pages\/1531","targetHints":{"allow":["GET"]}}],"collection":[{"href":"https:\/\/2wengenharia.com\/en\/wp-json\/wp\/v2\/pages"}],"about":[{"href":"https:\/\/2wengenharia.com\/en\/wp-json\/wp\/v2\/types\/page"}],"author":[{"embeddable":true,"href":"https:\/\/2wengenharia.com\/en\/wp-json\/wp\/v2\/users\/1"}],"replies":[{"embeddable":true,"href":"https:\/\/2wengenharia.com\/en\/wp-json\/wp\/v2\/comments?post=1531"}],"version-history":[{"count":16,"href":"https:\/\/2wengenharia.com\/en\/wp-json\/wp\/v2\/pages\/1531\/revisions"}],"predecessor-version":[{"id":2382,"href":"https:\/\/2wengenharia.com\/en\/wp-json\/wp\/v2\/pages\/1531\/revisions\/2382"}],"up":[{"embeddable":true,"href":"https:\/\/2wengenharia.com\/en\/wp-json\/wp\/v2\/pages\/304"}],"wp:attachment":[{"href":"https:\/\/2wengenharia.com\/en\/wp-json\/wp\/v2\/media?parent=1531"}],"curies":[{"name":"wp","href":"https:\/\/api.w.org\/{rel}","templated":true}]}}