{"id":1584,"date":"2023-12-07T14:55:47","date_gmt":"2023-12-07T14:55:47","guid":{"rendered":"https:\/\/2wengenharia.com\/portefolio\/atallaia-copy\/"},"modified":"2023-12-07T15:06:46","modified_gmt":"2023-12-07T15:06:46","slug":"nr-plus","status":"publish","type":"page","link":"https:\/\/2wengenharia.com\/en\/portfolio\/nr-plus\/","title":{"rendered":"NR PLUS"},"content":{"rendered":"<div data-elementor-type=\"wp-page\" data-elementor-id=\"1584\" class=\"elementor elementor-1584\">\n\t\t\t\t\t\t<section class=\"elementor-section elementor-top-section elementor-element elementor-element-9a3e17c elementor-section-boxed elementor-section-height-default elementor-section-height-default\" data-id=\"9a3e17c\" data-element_type=\"section\" data-settings=\"{&quot;background_background&quot;:&quot;classic&quot;}\">\n\t\t\t\t\t\t\t<div class=\"elementor-background-overlay\"><\/div>\n\t\t\t\t\t\t\t<div class=\"elementor-container elementor-column-gap-default\">\n\t\t\t\t\t<div class=\"elementor-column elementor-col-100 elementor-top-column elementor-element elementor-element-2d5e05fd\" data-id=\"2d5e05fd\" data-element_type=\"column\">\n\t\t\t<div class=\"elementor-widget-wrap elementor-element-populated\">\n\t\t\t\t\t\t<div class=\"elementor-element elementor-element-7bb0282a elementor-widget elementor-widget-heading\" data-id=\"7bb0282a\" data-element_type=\"widget\" data-widget_type=\"heading.default\">\n\t\t\t\t<div class=\"elementor-widget-container\">\n\t\t\t\t\t<h2 class=\"elementor-heading-title elementor-size-default\">NR PLUS<\/h2>\t\t\t\t<\/div>\n\t\t\t\t<\/div>\n\t\t\t\t\t<\/div>\n\t\t<\/div>\n\t\t\t\t\t<\/div>\n\t\t<\/section>\n\t\t\t\t<section class=\"elementor-section elementor-top-section elementor-element elementor-element-277bdc85 elementor-section-boxed elementor-section-height-default elementor-section-height-default\" data-id=\"277bdc85\" data-element_type=\"section\">\n\t\t\t\t\t\t<div class=\"elementor-container elementor-column-gap-default\">\n\t\t\t\t\t<div class=\"elementor-column elementor-col-50 elementor-top-column elementor-element elementor-element-42da2833\" data-id=\"42da2833\" data-element_type=\"column\">\n\t\t\t<div class=\"elementor-widget-wrap elementor-element-populated\">\n\t\t\t\t\t\t<div class=\"elementor-element elementor-element-7b42cfa3 elementor-widget elementor-widget-text-editor\" data-id=\"7b42cfa3\" data-element_type=\"widget\" data-widget_type=\"text-editor.default\">\n\t\t\t\t<div class=\"elementor-widget-container\">\n\t\t\t\t\t\t\t\t\t<p class=\"p3\">An international company operating in the mining exploration sector, it opened its first office in Portugal, Algarve and had the intervention of 2W ENGENHARIA to carry out the works.<\/p>\t\t\t\t\t\t\t\t<\/div>\n\t\t\t\t<\/div>\n\t\t\t\t<div class=\"elementor-element elementor-element-35b038b7 elementor-widget__width-initial elementor-icon-list--layout-traditional elementor-list-item-link-full_width elementor-widget elementor-widget-icon-list\" data-id=\"35b038b7\" data-element_type=\"widget\" data-widget_type=\"icon-list.default\">\n\t\t\t\t<div class=\"elementor-widget-container\">\n\t\t\t\t\t\t\t<ul class=\"elementor-icon-list-items\">\n\t\t\t\t\t\t\t<li class=\"elementor-icon-list-item\">\n\t\t\t\t\t\t\t\t\t\t<span class=\"elementor-icon-list-text\">Client:<\/span>\n\t\t\t\t\t\t\t\t\t<\/li>\n\t\t\t\t\t\t\t\t<li class=\"elementor-icon-list-item\">\n\t\t\t\t\t\t\t\t\t\t<span class=\"elementor-icon-list-text\">Project:<\/span>\n\t\t\t\t\t\t\t\t\t<\/li>\n\t\t\t\t\t\t\t\t<li class=\"elementor-icon-list-item\">\n\t\t\t\t\t\t\t\t\t\t<span class=\"elementor-icon-list-text\">Place:<\/span>\n\t\t\t\t\t\t\t\t\t<\/li>\n\t\t\t\t\t\t<\/ul>\n\t\t\t\t\t\t<\/div>\n\t\t\t\t<\/div>\n\t\t\t\t<div class=\"elementor-element elementor-element-5657e291 elementor-widget__width-initial elementor-icon-list--layout-traditional elementor-list-item-link-full_width elementor-widget elementor-widget-icon-list\" data-id=\"5657e291\" data-element_type=\"widget\" data-widget_type=\"icon-list.default\">\n\t\t\t\t<div class=\"elementor-widget-container\">\n\t\t\t\t\t\t\t<ul class=\"elementor-icon-list-items\">\n\t\t\t\t\t\t\t<li class=\"elementor-icon-list-item\">\n\t\t\t\t\t\t\t\t\t\t<span class=\"elementor-icon-list-text\">NR PLUS<\/span>\n\t\t\t\t\t\t\t\t\t<\/li>\n\t\t\t\t\t\t\t\t<li class=\"elementor-icon-list-item\">\n\t\t\t\t\t\t\t\t\t\t<span class=\"elementor-icon-list-text\">Renovation<\/span>\n\t\t\t\t\t\t\t\t\t<\/li>\n\t\t\t\t\t\t\t\t<li class=\"elementor-icon-list-item\">\n\t\t\t\t\t\t\t\t\t\t<span class=\"elementor-icon-list-text\">Lagoa, Algarve, PT<\/span>\n\t\t\t\t\t\t\t\t\t<\/li>\n\t\t\t\t\t\t<\/ul>\n\t\t\t\t\t\t<\/div>\n\t\t\t\t<\/div>\n\t\t\t\t\t<\/div>\n\t\t<\/div>\n\t\t\t\t<div class=\"elementor-column elementor-col-50 elementor-top-column elementor-element elementor-element-1153ee34\" data-id=\"1153ee34\" data-element_type=\"column\">\n\t\t\t<div class=\"elementor-widget-wrap elementor-element-populated\">\n\t\t\t\t\t\t<div class=\"elementor-element elementor-element-a2fdbf3 gallery-spacing-custom elementor-widget elementor-widget-image-gallery\" data-id=\"a2fdbf3\" data-element_type=\"widget\" data-widget_type=\"image-gallery.default\">\n\t\t\t\t<div class=\"elementor-widget-container\">\n\t\t\t\t\t\t\t<div class=\"elementor-image-gallery\">\n\t\t\t<div id='gallery-1' class='gallery galleryid-1584 gallery-columns-2 gallery-size-medium'><figure class='gallery-item'>\n\t\t\t<div class='gallery-icon landscape'>\n\t\t\t\t<a data-elementor-open-lightbox=\"yes\" data-elementor-lightbox-slideshow=\"a2fdbf3\" data-elementor-lightbox-title=\"nr4\" data-e-action-hash=\"#elementor-action%3Aaction%3Dlightbox%26settings%3DeyJpZCI6MTU5OSwidXJsIjoiaHR0cHM6XC9cLzJ3ZW5nZW5oYXJpYS5jb21cL3dwLWNvbnRlbnRcL3VwbG9hZHNcLzIwMjNcLzEyXC9ucjQuanBnIiwic2xpZGVzaG93IjoiYTJmZGJmMyJ9\" href='https:\/\/2wengenharia.com\/wp-content\/uploads\/2023\/12\/nr4.jpg'><img fetchpriority=\"high\" decoding=\"async\" width=\"300\" height=\"250\" src=\"https:\/\/2wengenharia.com\/wp-content\/uploads\/2023\/12\/nr4-300x250.jpg\" class=\"attachment-medium size-medium\" alt=\"\" srcset=\"https:\/\/2wengenharia.com\/wp-content\/uploads\/2023\/12\/nr4-300x250.jpg 300w, https:\/\/2wengenharia.com\/wp-content\/uploads\/2023\/12\/nr4-1024x853.jpg 1024w, https:\/\/2wengenharia.com\/wp-content\/uploads\/2023\/12\/nr4-768x640.jpg 768w, https:\/\/2wengenharia.com\/wp-content\/uploads\/2023\/12\/nr4.jpg 1200w\" sizes=\"(max-width: 300px) 100vw, 300px\" \/><\/a>\n\t\t\t<\/div><\/figure><figure class='gallery-item'>\n\t\t\t<div class='gallery-icon landscape'>\n\t\t\t\t<a data-elementor-open-lightbox=\"yes\" data-elementor-lightbox-slideshow=\"a2fdbf3\" data-elementor-lightbox-title=\"nr2\" data-e-action-hash=\"#elementor-action%3Aaction%3Dlightbox%26settings%3DeyJpZCI6MTU5MywidXJsIjoiaHR0cHM6XC9cLzJ3ZW5nZW5oYXJpYS5jb21cL3dwLWNvbnRlbnRcL3VwbG9hZHNcLzIwMjNcLzEyXC9ucjIuanBnIiwic2xpZGVzaG93IjoiYTJmZGJmMyJ9\" href='https:\/\/2wengenharia.com\/wp-content\/uploads\/2023\/12\/nr2.jpg'><img decoding=\"async\" width=\"300\" height=\"250\" src=\"https:\/\/2wengenharia.com\/wp-content\/uploads\/2023\/12\/nr2-300x250.jpg\" class=\"attachment-medium size-medium\" alt=\"\" srcset=\"https:\/\/2wengenharia.com\/wp-content\/uploads\/2023\/12\/nr2-300x250.jpg 300w, https:\/\/2wengenharia.com\/wp-content\/uploads\/2023\/12\/nr2-1024x853.jpg 1024w, https:\/\/2wengenharia.com\/wp-content\/uploads\/2023\/12\/nr2-768x640.jpg 768w, https:\/\/2wengenharia.com\/wp-content\/uploads\/2023\/12\/nr2.jpg 1200w\" sizes=\"(max-width: 300px) 100vw, 300px\" \/><\/a>\n\t\t\t<\/div><\/figure><figure class='gallery-item'>\n\t\t\t<div class='gallery-icon landscape'>\n\t\t\t\t<a data-elementor-open-lightbox=\"yes\" data-elementor-lightbox-slideshow=\"a2fdbf3\" data-elementor-lightbox-title=\"nr6\" data-e-action-hash=\"#elementor-action%3Aaction%3Dlightbox%26settings%3DeyJpZCI6MTYwNSwidXJsIjoiaHR0cHM6XC9cLzJ3ZW5nZW5oYXJpYS5jb21cL3dwLWNvbnRlbnRcL3VwbG9hZHNcLzIwMjNcLzEyXC9ucjYuanBnIiwic2xpZGVzaG93IjoiYTJmZGJmMyJ9\" href='https:\/\/2wengenharia.com\/wp-content\/uploads\/2023\/12\/nr6.jpg'><img decoding=\"async\" width=\"300\" height=\"250\" src=\"https:\/\/2wengenharia.com\/wp-content\/uploads\/2023\/12\/nr6-300x250.jpg\" class=\"attachment-medium size-medium\" alt=\"\" srcset=\"https:\/\/2wengenharia.com\/wp-content\/uploads\/2023\/12\/nr6-300x250.jpg 300w, https:\/\/2wengenharia.com\/wp-content\/uploads\/2023\/12\/nr6-1024x853.jpg 1024w, https:\/\/2wengenharia.com\/wp-content\/uploads\/2023\/12\/nr6-768x640.jpg 768w, https:\/\/2wengenharia.com\/wp-content\/uploads\/2023\/12\/nr6.jpg 1200w\" sizes=\"(max-width: 300px) 100vw, 300px\" \/><\/a>\n\t\t\t<\/div><\/figure><figure class='gallery-item'>\n\t\t\t<div class='gallery-icon landscape'>\n\t\t\t\t<a data-elementor-open-lightbox=\"yes\" data-elementor-lightbox-slideshow=\"a2fdbf3\" data-elementor-lightbox-title=\"nr1\" data-e-action-hash=\"#elementor-action%3Aaction%3Dlightbox%26settings%3DeyJpZCI6MTU5MCwidXJsIjoiaHR0cHM6XC9cLzJ3ZW5nZW5oYXJpYS5jb21cL3dwLWNvbnRlbnRcL3VwbG9hZHNcLzIwMjNcLzEyXC9ucjEuanBnIiwic2xpZGVzaG93IjoiYTJmZGJmMyJ9\" href='https:\/\/2wengenharia.com\/wp-content\/uploads\/2023\/12\/nr1.jpg'><img loading=\"lazy\" decoding=\"async\" width=\"300\" height=\"250\" src=\"https:\/\/2wengenharia.com\/wp-content\/uploads\/2023\/12\/nr1-300x250.jpg\" class=\"attachment-medium size-medium\" alt=\"\" srcset=\"https:\/\/2wengenharia.com\/wp-content\/uploads\/2023\/12\/nr1-300x250.jpg 300w, https:\/\/2wengenharia.com\/wp-content\/uploads\/2023\/12\/nr1-1024x853.jpg 1024w, https:\/\/2wengenharia.com\/wp-content\/uploads\/2023\/12\/nr1-768x640.jpg 768w, https:\/\/2wengenharia.com\/wp-content\/uploads\/2023\/12\/nr1.jpg 1200w\" sizes=\"(max-width: 300px) 100vw, 300px\" \/><\/a>\n\t\t\t<\/div><\/figure><figure class='gallery-item'>\n\t\t\t<div class='gallery-icon landscape'>\n\t\t\t\t<a data-elementor-open-lightbox=\"yes\" data-elementor-lightbox-slideshow=\"a2fdbf3\" data-elementor-lightbox-title=\"nr3\" data-e-action-hash=\"#elementor-action%3Aaction%3Dlightbox%26settings%3DeyJpZCI6MTU5NiwidXJsIjoiaHR0cHM6XC9cLzJ3ZW5nZW5oYXJpYS5jb21cL3dwLWNvbnRlbnRcL3VwbG9hZHNcLzIwMjNcLzEyXC9ucjMuanBnIiwic2xpZGVzaG93IjoiYTJmZGJmMyJ9\" href='https:\/\/2wengenharia.com\/wp-content\/uploads\/2023\/12\/nr3.jpg'><img loading=\"lazy\" decoding=\"async\" width=\"300\" height=\"250\" src=\"https:\/\/2wengenharia.com\/wp-content\/uploads\/2023\/12\/nr3-300x250.jpg\" class=\"attachment-medium size-medium\" alt=\"\" srcset=\"https:\/\/2wengenharia.com\/wp-content\/uploads\/2023\/12\/nr3-300x250.jpg 300w, https:\/\/2wengenharia.com\/wp-content\/uploads\/2023\/12\/nr3-1024x853.jpg 1024w, https:\/\/2wengenharia.com\/wp-content\/uploads\/2023\/12\/nr3-768x640.jpg 768w, https:\/\/2wengenharia.com\/wp-content\/uploads\/2023\/12\/nr3.jpg 1200w\" sizes=\"(max-width: 300px) 100vw, 300px\" \/><\/a>\n\t\t\t<\/div><\/figure><figure class='gallery-item'>\n\t\t\t<div class='gallery-icon landscape'>\n\t\t\t\t<a data-elementor-open-lightbox=\"yes\" data-elementor-lightbox-slideshow=\"a2fdbf3\" data-elementor-lightbox-title=\"nr5\" data-e-action-hash=\"#elementor-action%3Aaction%3Dlightbox%26settings%3DeyJpZCI6MTYwMiwidXJsIjoiaHR0cHM6XC9cLzJ3ZW5nZW5oYXJpYS5jb21cL3dwLWNvbnRlbnRcL3VwbG9hZHNcLzIwMjNcLzEyXC9ucjUuanBnIiwic2xpZGVzaG93IjoiYTJmZGJmMyJ9\" href='https:\/\/2wengenharia.com\/wp-content\/uploads\/2023\/12\/nr5.jpg'><img loading=\"lazy\" decoding=\"async\" width=\"300\" height=\"250\" src=\"https:\/\/2wengenharia.com\/wp-content\/uploads\/2023\/12\/nr5-300x250.jpg\" class=\"attachment-medium size-medium\" alt=\"\" srcset=\"https:\/\/2wengenharia.com\/wp-content\/uploads\/2023\/12\/nr5-300x250.jpg 300w, https:\/\/2wengenharia.com\/wp-content\/uploads\/2023\/12\/nr5-1024x853.jpg 1024w, https:\/\/2wengenharia.com\/wp-content\/uploads\/2023\/12\/nr5-768x640.jpg 768w, https:\/\/2wengenharia.com\/wp-content\/uploads\/2023\/12\/nr5.jpg 1200w\" sizes=\"(max-width: 300px) 100vw, 300px\" \/><\/a>\n\t\t\t<\/div><\/figure><figure class='gallery-item'>\n\t\t\t<div class='gallery-icon landscape'>\n\t\t\t\t<a data-elementor-open-lightbox=\"yes\" data-elementor-lightbox-slideshow=\"a2fdbf3\" data-elementor-lightbox-title=\"nr7\" data-e-action-hash=\"#elementor-action%3Aaction%3Dlightbox%26settings%3DeyJpZCI6MTYwOCwidXJsIjoiaHR0cHM6XC9cLzJ3ZW5nZW5oYXJpYS5jb21cL3dwLWNvbnRlbnRcL3VwbG9hZHNcLzIwMjNcLzEyXC9ucjcuanBnIiwic2xpZGVzaG93IjoiYTJmZGJmMyJ9\" href='https:\/\/2wengenharia.com\/wp-content\/uploads\/2023\/12\/nr7.jpg'><img loading=\"lazy\" decoding=\"async\" width=\"300\" height=\"250\" src=\"https:\/\/2wengenharia.com\/wp-content\/uploads\/2023\/12\/nr7-300x250.jpg\" class=\"attachment-medium size-medium\" alt=\"\" srcset=\"https:\/\/2wengenharia.com\/wp-content\/uploads\/2023\/12\/nr7-300x250.jpg 300w, https:\/\/2wengenharia.com\/wp-content\/uploads\/2023\/12\/nr7-1024x853.jpg 1024w, https:\/\/2wengenharia.com\/wp-content\/uploads\/2023\/12\/nr7-768x640.jpg 768w, https:\/\/2wengenharia.com\/wp-content\/uploads\/2023\/12\/nr7.jpg 1200w\" sizes=\"(max-width: 300px) 100vw, 300px\" \/><\/a>\n\t\t\t<\/div><\/figure>\n\t\t<\/div>\n\t\t<\/div>\n\t\t\t\t\t\t<\/div>\n\t\t\t\t<\/div>\n\t\t\t\t\t<\/div>\n\t\t<\/div>\n\t\t\t\t\t<\/div>\n\t\t<\/section>\n\t\t\t\t<\/div>","protected":false},"excerpt":{"rendered":"<p>NR PLUS Empresa internacional a atuar na \u00e1rea da explora\u00e7\u00e3o mineira, abriu o seu primeiro escrit\u00f3rio em Portugal, Algarve e contou com a interven\u00e7\u00e3o da 2W ENGENHARIA para a realiza\u00e7\u00e3o das obras. Cliente: Projeto: Local: NR PLUS Renova\u00e7\u00e3o Lagoa, Algarve, PT<\/p>","protected":false},"author":1,"featured_media":0,"parent":304,"menu_order":0,"comment_status":"closed","ping_status":"closed","template":"elementor_header_footer","meta":{"footnotes":""},"class_list":["post-1584","page","type-page","status-publish","hentry"],"_links":{"self":[{"href":"https:\/\/2wengenharia.com\/en\/wp-json\/wp\/v2\/pages\/1584","targetHints":{"allow":["GET"]}}],"collection":[{"href":"https:\/\/2wengenharia.com\/en\/wp-json\/wp\/v2\/pages"}],"about":[{"href":"https:\/\/2wengenharia.com\/en\/wp-json\/wp\/v2\/types\/page"}],"author":[{"embeddable":true,"href":"https:\/\/2wengenharia.com\/en\/wp-json\/wp\/v2\/users\/1"}],"replies":[{"embeddable":true,"href":"https:\/\/2wengenharia.com\/en\/wp-json\/wp\/v2\/comments?post=1584"}],"version-history":[{"count":4,"href":"https:\/\/2wengenharia.com\/en\/wp-json\/wp\/v2\/pages\/1584\/revisions"}],"predecessor-version":[{"id":1613,"href":"https:\/\/2wengenharia.com\/en\/wp-json\/wp\/v2\/pages\/1584\/revisions\/1613"}],"up":[{"embeddable":true,"href":"https:\/\/2wengenharia.com\/en\/wp-json\/wp\/v2\/pages\/304"}],"wp:attachment":[{"href":"https:\/\/2wengenharia.com\/en\/wp-json\/wp\/v2\/media?parent=1584"}],"curies":[{"name":"wp","href":"https:\/\/api.w.org\/{rel}","templated":true}]}}