{"id":1854,"date":"2024-12-09T15:17:44","date_gmt":"2024-12-09T15:17:44","guid":{"rendered":"https:\/\/2wengenharia.com\/portfolio\/red-windows-copy\/"},"modified":"2024-12-09T15:22:14","modified_gmt":"2024-12-09T15:22:14","slug":"tender-loft","status":"publish","type":"page","link":"https:\/\/2wengenharia.com\/en\/portfolio\/tender-loft\/","title":{"rendered":"Tender Loft"},"content":{"rendered":"<div data-elementor-type=\"wp-page\" data-elementor-id=\"1854\" class=\"elementor elementor-1854\">\n\t\t\t\t\t\t<section class=\"elementor-section elementor-top-section elementor-element elementor-element-27dbf1c1 elementor-section-boxed elementor-section-height-default elementor-section-height-default\" data-id=\"27dbf1c1\" data-element_type=\"section\" data-settings=\"{&quot;background_background&quot;:&quot;classic&quot;}\">\n\t\t\t\t\t\t\t<div class=\"elementor-background-overlay\"><\/div>\n\t\t\t\t\t\t\t<div class=\"elementor-container elementor-column-gap-default\">\n\t\t\t\t\t<div class=\"elementor-column elementor-col-100 elementor-top-column elementor-element elementor-element-276032d9\" data-id=\"276032d9\" data-element_type=\"column\">\n\t\t\t<div class=\"elementor-widget-wrap elementor-element-populated\">\n\t\t\t\t\t\t<div class=\"elementor-element elementor-element-1bf9572d elementor-widget elementor-widget-heading\" data-id=\"1bf9572d\" data-element_type=\"widget\" data-widget_type=\"heading.default\">\n\t\t\t\t<div class=\"elementor-widget-container\">\n\t\t\t\t\t<h2 class=\"elementor-heading-title elementor-size-default\">Tender Loft<\/h2>\t\t\t\t<\/div>\n\t\t\t\t<\/div>\n\t\t\t\t\t<\/div>\n\t\t<\/div>\n\t\t\t\t\t<\/div>\n\t\t<\/section>\n\t\t\t\t<section class=\"elementor-section elementor-top-section elementor-element elementor-element-58ff4aab elementor-section-boxed elementor-section-height-default elementor-section-height-default\" data-id=\"58ff4aab\" data-element_type=\"section\">\n\t\t\t\t\t\t<div class=\"elementor-container elementor-column-gap-default\">\n\t\t\t\t\t<div class=\"elementor-column elementor-col-50 elementor-top-column elementor-element elementor-element-77b44b47\" data-id=\"77b44b47\" data-element_type=\"column\">\n\t\t\t<div class=\"elementor-widget-wrap elementor-element-populated\">\n\t\t\t\t\t\t<div class=\"elementor-element elementor-element-6b4df4a9 elementor-widget elementor-widget-text-editor\" data-id=\"6b4df4a9\" data-element_type=\"widget\" data-widget_type=\"text-editor.default\">\n\t\t\t\t<div class=\"elementor-widget-container\">\n\t\t\t\t\t\t\t\t\t<p class=\"p1\"><span class=\"s1\">Overlooking the historic center and the Lagos Marina, the renovation of this LOFT was challenging due to the complexity of carrying out the works in an extremely busy location and with the impossibility of vehicles circulating after 10 am.<\/span><\/p><p class=\"p1\"><span class=\"s1\">The result is amazing.<\/span><\/p>\t\t\t\t\t\t\t\t<\/div>\n\t\t\t\t<\/div>\n\t\t\t\t<div class=\"elementor-element elementor-element-163b87b9 elementor-widget__width-initial elementor-icon-list--layout-traditional elementor-list-item-link-full_width elementor-widget elementor-widget-icon-list\" data-id=\"163b87b9\" data-element_type=\"widget\" data-widget_type=\"icon-list.default\">\n\t\t\t\t<div class=\"elementor-widget-container\">\n\t\t\t\t\t\t\t<ul class=\"elementor-icon-list-items\">\n\t\t\t\t\t\t\t<li class=\"elementor-icon-list-item\">\n\t\t\t\t\t\t\t\t\t\t<span class=\"elementor-icon-list-text\">Client:<\/span>\n\t\t\t\t\t\t\t\t\t<\/li>\n\t\t\t\t\t\t\t\t<li class=\"elementor-icon-list-item\">\n\t\t\t\t\t\t\t\t\t\t<span class=\"elementor-icon-list-text\">Project:<\/span>\n\t\t\t\t\t\t\t\t\t<\/li>\n\t\t\t\t\t\t\t\t<li class=\"elementor-icon-list-item\">\n\t\t\t\t\t\t\t\t\t\t<span class=\"elementor-icon-list-text\">Place:<\/span>\n\t\t\t\t\t\t\t\t\t<\/li>\n\t\t\t\t\t\t<\/ul>\n\t\t\t\t\t\t<\/div>\n\t\t\t\t<\/div>\n\t\t\t\t<div class=\"elementor-element elementor-element-772ce50b elementor-widget__width-initial elementor-icon-list--layout-traditional elementor-list-item-link-full_width elementor-widget elementor-widget-icon-list\" data-id=\"772ce50b\" data-element_type=\"widget\" data-widget_type=\"icon-list.default\">\n\t\t\t\t<div class=\"elementor-widget-container\">\n\t\t\t\t\t\t\t<ul class=\"elementor-icon-list-items\">\n\t\t\t\t\t\t\t<li class=\"elementor-icon-list-item\">\n\t\t\t\t\t\t\t\t\t\t<span class=\"elementor-icon-list-text\">Holger Cremer<\/span>\n\t\t\t\t\t\t\t\t\t<\/li>\n\t\t\t\t\t\t\t\t<li class=\"elementor-icon-list-item\">\n\t\t\t\t\t\t\t\t\t\t<span class=\"elementor-icon-list-text\">Renovation<\/span>\n\t\t\t\t\t\t\t\t\t<\/li>\n\t\t\t\t\t\t\t\t<li class=\"elementor-icon-list-item\">\n\t\t\t\t\t\t\t\t\t\t<span class=\"elementor-icon-list-text\">Lagos<\/span>\n\t\t\t\t\t\t\t\t\t<\/li>\n\t\t\t\t\t\t<\/ul>\n\t\t\t\t\t\t<\/div>\n\t\t\t\t<\/div>\n\t\t\t\t<section class=\"elementor-section elementor-inner-section elementor-element elementor-element-4a3661d7 elementor-section-boxed elementor-section-height-default elementor-section-height-default\" data-id=\"4a3661d7\" data-element_type=\"section\">\n\t\t\t\t\t\t<div class=\"elementor-container elementor-column-gap-no\">\n\t\t\t\t\t<div class=\"elementor-column elementor-col-100 elementor-inner-column elementor-element elementor-element-47d9fbca\" data-id=\"47d9fbca\" data-element_type=\"column\">\n\t\t\t<div class=\"elementor-widget-wrap elementor-element-populated\">\n\t\t\t\t\t\t<div class=\"elementor-element elementor-element-4310dbc5 elementor-widget elementor-widget-jkit_fun_fact\" data-id=\"4310dbc5\" data-element_type=\"widget\" data-widget_type=\"jkit_fun_fact.default\">\n\t\t\t\t<div class=\"elementor-widget-container\">\n\t\t\t\t\t<div  class=\"jeg-elementor-kit jkit-fun-fact align-center hover-from-left elementor-animation- jeg_module___69fa8b9ba2cc2\" ><div class=\"fun-fact-inner\">\n            <div class=\"content\">\n                <div class=\"number-wrapper\"><span class=\"prefix\"><\/span>\n        <span class=\"number\" data-value=\"85\" data-animation-duration=\"3500\">0<\/span>\n        <span class=\"suffix\">m<\/span><sup class=\"super\">2<\/sup><\/div>\n                <h2 class=\"title\">Renovated Area<\/h2>\n            <\/div>\n        <\/div><\/div>\t\t\t\t<\/div>\n\t\t\t\t<\/div>\n\t\t\t\t\t<\/div>\n\t\t<\/div>\n\t\t\t\t\t<\/div>\n\t\t<\/section>\n\t\t\t\t\t<\/div>\n\t\t<\/div>\n\t\t\t\t<div class=\"elementor-column elementor-col-50 elementor-top-column elementor-element elementor-element-4ae6ddce\" data-id=\"4ae6ddce\" data-element_type=\"column\">\n\t\t\t<div class=\"elementor-widget-wrap elementor-element-populated\">\n\t\t\t\t\t\t<div class=\"elementor-element elementor-element-55f403e5 gallery-spacing-custom elementor-widget elementor-widget-image-gallery\" data-id=\"55f403e5\" data-element_type=\"widget\" data-widget_type=\"image-gallery.default\">\n\t\t\t\t<div class=\"elementor-widget-container\">\n\t\t\t\t\t\t\t<div class=\"elementor-image-gallery\">\n\t\t\t<div id='gallery-1' class='gallery galleryid-1854 gallery-columns-2 gallery-size-full'><figure class='gallery-item'>\n\t\t\t<div class='gallery-icon landscape'>\n\t\t\t\t<a data-elementor-open-lightbox=\"yes\" data-elementor-lightbox-slideshow=\"55f403e5\" data-elementor-lightbox-title=\"tender-loft-2w-engenharia-pic1\" data-e-action-hash=\"#elementor-action%3Aaction%3Dlightbox%26settings%3DeyJpZCI6MTg1NiwidXJsIjoiaHR0cHM6XC9cLzJ3ZW5nZW5oYXJpYS5jb21cL3dwLWNvbnRlbnRcL3VwbG9hZHNcLzIwMjRcLzEyXC90ZW5kZXItbG9mdC0ydy1lbmdlbmhhcmlhLXBpYzEuanBnIiwic2xpZGVzaG93IjoiNTVmNDAzZTUifQ%3D%3D\" href='https:\/\/2wengenharia.com\/wp-content\/uploads\/2024\/12\/tender-loft-2w-engenharia-pic1.jpg'><img fetchpriority=\"high\" decoding=\"async\" width=\"1200\" height=\"1000\" src=\"https:\/\/2wengenharia.com\/wp-content\/uploads\/2024\/12\/tender-loft-2w-engenharia-pic1.jpg\" class=\"attachment-full size-full\" alt=\"\" srcset=\"https:\/\/2wengenharia.com\/wp-content\/uploads\/2024\/12\/tender-loft-2w-engenharia-pic1.jpg 1200w, https:\/\/2wengenharia.com\/wp-content\/uploads\/2024\/12\/tender-loft-2w-engenharia-pic1-300x250.jpg 300w, https:\/\/2wengenharia.com\/wp-content\/uploads\/2024\/12\/tender-loft-2w-engenharia-pic1-1024x853.jpg 1024w, https:\/\/2wengenharia.com\/wp-content\/uploads\/2024\/12\/tender-loft-2w-engenharia-pic1-768x640.jpg 768w\" sizes=\"(max-width: 1200px) 100vw, 1200px\" \/><\/a>\n\t\t\t<\/div><\/figure><figure class='gallery-item'>\n\t\t\t<div class='gallery-icon landscape'>\n\t\t\t\t<a data-elementor-open-lightbox=\"yes\" data-elementor-lightbox-slideshow=\"55f403e5\" data-elementor-lightbox-title=\"tender-loft-2w-engenharia-pic2\" data-e-action-hash=\"#elementor-action%3Aaction%3Dlightbox%26settings%3DeyJpZCI6MTg1OSwidXJsIjoiaHR0cHM6XC9cLzJ3ZW5nZW5oYXJpYS5jb21cL3dwLWNvbnRlbnRcL3VwbG9hZHNcLzIwMjRcLzEyXC90ZW5kZXItbG9mdC0ydy1lbmdlbmhhcmlhLXBpYzIuanBnIiwic2xpZGVzaG93IjoiNTVmNDAzZTUifQ%3D%3D\" href='https:\/\/2wengenharia.com\/wp-content\/uploads\/2024\/12\/tender-loft-2w-engenharia-pic2.jpg'><img decoding=\"async\" width=\"1200\" height=\"1000\" src=\"https:\/\/2wengenharia.com\/wp-content\/uploads\/2024\/12\/tender-loft-2w-engenharia-pic2.jpg\" class=\"attachment-full size-full\" alt=\"\" srcset=\"https:\/\/2wengenharia.com\/wp-content\/uploads\/2024\/12\/tender-loft-2w-engenharia-pic2.jpg 1200w, https:\/\/2wengenharia.com\/wp-content\/uploads\/2024\/12\/tender-loft-2w-engenharia-pic2-300x250.jpg 300w, https:\/\/2wengenharia.com\/wp-content\/uploads\/2024\/12\/tender-loft-2w-engenharia-pic2-1024x853.jpg 1024w, https:\/\/2wengenharia.com\/wp-content\/uploads\/2024\/12\/tender-loft-2w-engenharia-pic2-768x640.jpg 768w\" sizes=\"(max-width: 1200px) 100vw, 1200px\" \/><\/a>\n\t\t\t<\/div><\/figure><figure class='gallery-item'>\n\t\t\t<div class='gallery-icon landscape'>\n\t\t\t\t<a data-elementor-open-lightbox=\"yes\" data-elementor-lightbox-slideshow=\"55f403e5\" data-elementor-lightbox-title=\"tender-loft-2w-engenharia-pic3\" data-e-action-hash=\"#elementor-action%3Aaction%3Dlightbox%26settings%3DeyJpZCI6MTg2MiwidXJsIjoiaHR0cHM6XC9cLzJ3ZW5nZW5oYXJpYS5jb21cL3dwLWNvbnRlbnRcL3VwbG9hZHNcLzIwMjRcLzEyXC90ZW5kZXItbG9mdC0ydy1lbmdlbmhhcmlhLXBpYzMuanBnIiwic2xpZGVzaG93IjoiNTVmNDAzZTUifQ%3D%3D\" href='https:\/\/2wengenharia.com\/wp-content\/uploads\/2024\/12\/tender-loft-2w-engenharia-pic3.jpg'><img decoding=\"async\" width=\"1200\" height=\"1000\" src=\"https:\/\/2wengenharia.com\/wp-content\/uploads\/2024\/12\/tender-loft-2w-engenharia-pic3.jpg\" class=\"attachment-full size-full\" alt=\"\" srcset=\"https:\/\/2wengenharia.com\/wp-content\/uploads\/2024\/12\/tender-loft-2w-engenharia-pic3.jpg 1200w, https:\/\/2wengenharia.com\/wp-content\/uploads\/2024\/12\/tender-loft-2w-engenharia-pic3-300x250.jpg 300w, https:\/\/2wengenharia.com\/wp-content\/uploads\/2024\/12\/tender-loft-2w-engenharia-pic3-1024x853.jpg 1024w, https:\/\/2wengenharia.com\/wp-content\/uploads\/2024\/12\/tender-loft-2w-engenharia-pic3-768x640.jpg 768w\" sizes=\"(max-width: 1200px) 100vw, 1200px\" \/><\/a>\n\t\t\t<\/div><\/figure><figure class='gallery-item'>\n\t\t\t<div class='gallery-icon landscape'>\n\t\t\t\t<a data-elementor-open-lightbox=\"yes\" data-elementor-lightbox-slideshow=\"55f403e5\" data-elementor-lightbox-title=\"tender-loft-2w-engenharia-pic4\" data-e-action-hash=\"#elementor-action%3Aaction%3Dlightbox%26settings%3DeyJpZCI6MTg2NSwidXJsIjoiaHR0cHM6XC9cLzJ3ZW5nZW5oYXJpYS5jb21cL3dwLWNvbnRlbnRcL3VwbG9hZHNcLzIwMjRcLzEyXC90ZW5kZXItbG9mdC0ydy1lbmdlbmhhcmlhLXBpYzQuanBnIiwic2xpZGVzaG93IjoiNTVmNDAzZTUifQ%3D%3D\" href='https:\/\/2wengenharia.com\/wp-content\/uploads\/2024\/12\/tender-loft-2w-engenharia-pic4.jpg'><img loading=\"lazy\" decoding=\"async\" width=\"1200\" height=\"1000\" src=\"https:\/\/2wengenharia.com\/wp-content\/uploads\/2024\/12\/tender-loft-2w-engenharia-pic4.jpg\" class=\"attachment-full size-full\" alt=\"\" srcset=\"https:\/\/2wengenharia.com\/wp-content\/uploads\/2024\/12\/tender-loft-2w-engenharia-pic4.jpg 1200w, https:\/\/2wengenharia.com\/wp-content\/uploads\/2024\/12\/tender-loft-2w-engenharia-pic4-300x250.jpg 300w, https:\/\/2wengenharia.com\/wp-content\/uploads\/2024\/12\/tender-loft-2w-engenharia-pic4-1024x853.jpg 1024w, https:\/\/2wengenharia.com\/wp-content\/uploads\/2024\/12\/tender-loft-2w-engenharia-pic4-768x640.jpg 768w\" sizes=\"(max-width: 1200px) 100vw, 1200px\" \/><\/a>\n\t\t\t<\/div><\/figure><figure class='gallery-item'>\n\t\t\t<div class='gallery-icon landscape'>\n\t\t\t\t<a data-elementor-open-lightbox=\"yes\" data-elementor-lightbox-slideshow=\"55f403e5\" data-elementor-lightbox-title=\"tender-loft-2w-engenharia-pic5\" data-e-action-hash=\"#elementor-action%3Aaction%3Dlightbox%26settings%3DeyJpZCI6MTg2OCwidXJsIjoiaHR0cHM6XC9cLzJ3ZW5nZW5oYXJpYS5jb21cL3dwLWNvbnRlbnRcL3VwbG9hZHNcLzIwMjRcLzEyXC90ZW5kZXItbG9mdC0ydy1lbmdlbmhhcmlhLXBpYzUuanBnIiwic2xpZGVzaG93IjoiNTVmNDAzZTUifQ%3D%3D\" href='https:\/\/2wengenharia.com\/wp-content\/uploads\/2024\/12\/tender-loft-2w-engenharia-pic5.jpg'><img loading=\"lazy\" decoding=\"async\" width=\"1200\" height=\"1000\" src=\"https:\/\/2wengenharia.com\/wp-content\/uploads\/2024\/12\/tender-loft-2w-engenharia-pic5.jpg\" class=\"attachment-full size-full\" alt=\"\" srcset=\"https:\/\/2wengenharia.com\/wp-content\/uploads\/2024\/12\/tender-loft-2w-engenharia-pic5.jpg 1200w, https:\/\/2wengenharia.com\/wp-content\/uploads\/2024\/12\/tender-loft-2w-engenharia-pic5-300x250.jpg 300w, https:\/\/2wengenharia.com\/wp-content\/uploads\/2024\/12\/tender-loft-2w-engenharia-pic5-1024x853.jpg 1024w, https:\/\/2wengenharia.com\/wp-content\/uploads\/2024\/12\/tender-loft-2w-engenharia-pic5-768x640.jpg 768w\" sizes=\"(max-width: 1200px) 100vw, 1200px\" \/><\/a>\n\t\t\t<\/div><\/figure><figure class='gallery-item'>\n\t\t\t<div class='gallery-icon landscape'>\n\t\t\t\t<a data-elementor-open-lightbox=\"yes\" data-elementor-lightbox-slideshow=\"55f403e5\" data-elementor-lightbox-title=\"tender-loft-2w-engenharia-pic6\" data-e-action-hash=\"#elementor-action%3Aaction%3Dlightbox%26settings%3DeyJpZCI6MTg3MSwidXJsIjoiaHR0cHM6XC9cLzJ3ZW5nZW5oYXJpYS5jb21cL3dwLWNvbnRlbnRcL3VwbG9hZHNcLzIwMjRcLzEyXC90ZW5kZXItbG9mdC0ydy1lbmdlbmhhcmlhLXBpYzYuanBnIiwic2xpZGVzaG93IjoiNTVmNDAzZTUifQ%3D%3D\" href='https:\/\/2wengenharia.com\/wp-content\/uploads\/2024\/12\/tender-loft-2w-engenharia-pic6.jpg'><img loading=\"lazy\" decoding=\"async\" width=\"1200\" height=\"1000\" src=\"https:\/\/2wengenharia.com\/wp-content\/uploads\/2024\/12\/tender-loft-2w-engenharia-pic6.jpg\" class=\"attachment-full size-full\" alt=\"\" srcset=\"https:\/\/2wengenharia.com\/wp-content\/uploads\/2024\/12\/tender-loft-2w-engenharia-pic6.jpg 1200w, https:\/\/2wengenharia.com\/wp-content\/uploads\/2024\/12\/tender-loft-2w-engenharia-pic6-300x250.jpg 300w, https:\/\/2wengenharia.com\/wp-content\/uploads\/2024\/12\/tender-loft-2w-engenharia-pic6-1024x853.jpg 1024w, https:\/\/2wengenharia.com\/wp-content\/uploads\/2024\/12\/tender-loft-2w-engenharia-pic6-768x640.jpg 768w\" sizes=\"(max-width: 1200px) 100vw, 1200px\" \/><\/a>\n\t\t\t<\/div><\/figure><figure class='gallery-item'>\n\t\t\t<div class='gallery-icon landscape'>\n\t\t\t\t<a data-elementor-open-lightbox=\"yes\" data-elementor-lightbox-slideshow=\"55f403e5\" data-elementor-lightbox-title=\"tender-loft-2w-engenharia-pic7\" data-e-action-hash=\"#elementor-action%3Aaction%3Dlightbox%26settings%3DeyJpZCI6MTg3NCwidXJsIjoiaHR0cHM6XC9cLzJ3ZW5nZW5oYXJpYS5jb21cL3dwLWNvbnRlbnRcL3VwbG9hZHNcLzIwMjRcLzEyXC90ZW5kZXItbG9mdC0ydy1lbmdlbmhhcmlhLXBpYzcuanBnIiwic2xpZGVzaG93IjoiNTVmNDAzZTUifQ%3D%3D\" href='https:\/\/2wengenharia.com\/wp-content\/uploads\/2024\/12\/tender-loft-2w-engenharia-pic7.jpg'><img loading=\"lazy\" decoding=\"async\" width=\"1200\" height=\"1000\" src=\"https:\/\/2wengenharia.com\/wp-content\/uploads\/2024\/12\/tender-loft-2w-engenharia-pic7.jpg\" class=\"attachment-full size-full\" alt=\"\" srcset=\"https:\/\/2wengenharia.com\/wp-content\/uploads\/2024\/12\/tender-loft-2w-engenharia-pic7.jpg 1200w, https:\/\/2wengenharia.com\/wp-content\/uploads\/2024\/12\/tender-loft-2w-engenharia-pic7-300x250.jpg 300w, https:\/\/2wengenharia.com\/wp-content\/uploads\/2024\/12\/tender-loft-2w-engenharia-pic7-1024x853.jpg 1024w, https:\/\/2wengenharia.com\/wp-content\/uploads\/2024\/12\/tender-loft-2w-engenharia-pic7-768x640.jpg 768w\" sizes=\"(max-width: 1200px) 100vw, 1200px\" \/><\/a>\n\t\t\t<\/div><\/figure><figure class='gallery-item'>\n\t\t\t<div class='gallery-icon landscape'>\n\t\t\t\t<a data-elementor-open-lightbox=\"yes\" data-elementor-lightbox-slideshow=\"55f403e5\" data-elementor-lightbox-title=\"tender-loft-2w-engenharia-pic8\" data-e-action-hash=\"#elementor-action%3Aaction%3Dlightbox%26settings%3DeyJpZCI6MTg3NywidXJsIjoiaHR0cHM6XC9cLzJ3ZW5nZW5oYXJpYS5jb21cL3dwLWNvbnRlbnRcL3VwbG9hZHNcLzIwMjRcLzEyXC90ZW5kZXItbG9mdC0ydy1lbmdlbmhhcmlhLXBpYzguanBnIiwic2xpZGVzaG93IjoiNTVmNDAzZTUifQ%3D%3D\" href='https:\/\/2wengenharia.com\/wp-content\/uploads\/2024\/12\/tender-loft-2w-engenharia-pic8.jpg'><img loading=\"lazy\" decoding=\"async\" width=\"1200\" height=\"1000\" src=\"https:\/\/2wengenharia.com\/wp-content\/uploads\/2024\/12\/tender-loft-2w-engenharia-pic8.jpg\" class=\"attachment-full size-full\" alt=\"\" srcset=\"https:\/\/2wengenharia.com\/wp-content\/uploads\/2024\/12\/tender-loft-2w-engenharia-pic8.jpg 1200w, https:\/\/2wengenharia.com\/wp-content\/uploads\/2024\/12\/tender-loft-2w-engenharia-pic8-300x250.jpg 300w, https:\/\/2wengenharia.com\/wp-content\/uploads\/2024\/12\/tender-loft-2w-engenharia-pic8-1024x853.jpg 1024w, https:\/\/2wengenharia.com\/wp-content\/uploads\/2024\/12\/tender-loft-2w-engenharia-pic8-768x640.jpg 768w\" sizes=\"(max-width: 1200px) 100vw, 1200px\" \/><\/a>\n\t\t\t<\/div><\/figure><figure class='gallery-item'>\n\t\t\t<div class='gallery-icon landscape'>\n\t\t\t\t<a data-elementor-open-lightbox=\"yes\" data-elementor-lightbox-slideshow=\"55f403e5\" data-elementor-lightbox-title=\"tender-loft-2w-engenharia-pic9\" data-e-action-hash=\"#elementor-action%3Aaction%3Dlightbox%26settings%3DeyJpZCI6MTg4MCwidXJsIjoiaHR0cHM6XC9cLzJ3ZW5nZW5oYXJpYS5jb21cL3dwLWNvbnRlbnRcL3VwbG9hZHNcLzIwMjRcLzEyXC90ZW5kZXItbG9mdC0ydy1lbmdlbmhhcmlhLXBpYzkuanBnIiwic2xpZGVzaG93IjoiNTVmNDAzZTUifQ%3D%3D\" href='https:\/\/2wengenharia.com\/wp-content\/uploads\/2024\/12\/tender-loft-2w-engenharia-pic9.jpg'><img loading=\"lazy\" decoding=\"async\" width=\"1200\" height=\"1000\" src=\"https:\/\/2wengenharia.com\/wp-content\/uploads\/2024\/12\/tender-loft-2w-engenharia-pic9.jpg\" class=\"attachment-full size-full\" alt=\"\" srcset=\"https:\/\/2wengenharia.com\/wp-content\/uploads\/2024\/12\/tender-loft-2w-engenharia-pic9.jpg 1200w, https:\/\/2wengenharia.com\/wp-content\/uploads\/2024\/12\/tender-loft-2w-engenharia-pic9-300x250.jpg 300w, https:\/\/2wengenharia.com\/wp-content\/uploads\/2024\/12\/tender-loft-2w-engenharia-pic9-1024x853.jpg 1024w, https:\/\/2wengenharia.com\/wp-content\/uploads\/2024\/12\/tender-loft-2w-engenharia-pic9-768x640.jpg 768w\" sizes=\"(max-width: 1200px) 100vw, 1200px\" \/><\/a>\n\t\t\t<\/div><\/figure><figure class='gallery-item'>\n\t\t\t<div class='gallery-icon landscape'>\n\t\t\t\t<a data-elementor-open-lightbox=\"yes\" data-elementor-lightbox-slideshow=\"55f403e5\" data-elementor-lightbox-title=\"tender-loft-2w-engenharia-pic10\" data-e-action-hash=\"#elementor-action%3Aaction%3Dlightbox%26settings%3DeyJpZCI6MTg4MywidXJsIjoiaHR0cHM6XC9cLzJ3ZW5nZW5oYXJpYS5jb21cL3dwLWNvbnRlbnRcL3VwbG9hZHNcLzIwMjRcLzEyXC90ZW5kZXItbG9mdC0ydy1lbmdlbmhhcmlhLXBpYzEwLmpwZyIsInNsaWRlc2hvdyI6IjU1ZjQwM2U1In0%3D\" href='https:\/\/2wengenharia.com\/wp-content\/uploads\/2024\/12\/tender-loft-2w-engenharia-pic10.jpg'><img loading=\"lazy\" decoding=\"async\" width=\"1200\" height=\"1000\" src=\"https:\/\/2wengenharia.com\/wp-content\/uploads\/2024\/12\/tender-loft-2w-engenharia-pic10.jpg\" class=\"attachment-full size-full\" alt=\"\" srcset=\"https:\/\/2wengenharia.com\/wp-content\/uploads\/2024\/12\/tender-loft-2w-engenharia-pic10.jpg 1200w, https:\/\/2wengenharia.com\/wp-content\/uploads\/2024\/12\/tender-loft-2w-engenharia-pic10-300x250.jpg 300w, https:\/\/2wengenharia.com\/wp-content\/uploads\/2024\/12\/tender-loft-2w-engenharia-pic10-1024x853.jpg 1024w, https:\/\/2wengenharia.com\/wp-content\/uploads\/2024\/12\/tender-loft-2w-engenharia-pic10-768x640.jpg 768w\" sizes=\"(max-width: 1200px) 100vw, 1200px\" \/><\/a>\n\t\t\t<\/div><\/figure><figure class='gallery-item'>\n\t\t\t<div class='gallery-icon landscape'>\n\t\t\t\t<a data-elementor-open-lightbox=\"yes\" data-elementor-lightbox-slideshow=\"55f403e5\" data-elementor-lightbox-title=\"tender-loft-2w-engenharia-pic11\" data-e-action-hash=\"#elementor-action%3Aaction%3Dlightbox%26settings%3DeyJpZCI6MTg4NiwidXJsIjoiaHR0cHM6XC9cLzJ3ZW5nZW5oYXJpYS5jb21cL3dwLWNvbnRlbnRcL3VwbG9hZHNcLzIwMjRcLzEyXC90ZW5kZXItbG9mdC0ydy1lbmdlbmhhcmlhLXBpYzExLmpwZyIsInNsaWRlc2hvdyI6IjU1ZjQwM2U1In0%3D\" href='https:\/\/2wengenharia.com\/wp-content\/uploads\/2024\/12\/tender-loft-2w-engenharia-pic11.jpg'><img loading=\"lazy\" decoding=\"async\" width=\"1200\" height=\"1000\" src=\"https:\/\/2wengenharia.com\/wp-content\/uploads\/2024\/12\/tender-loft-2w-engenharia-pic11.jpg\" class=\"attachment-full size-full\" alt=\"\" srcset=\"https:\/\/2wengenharia.com\/wp-content\/uploads\/2024\/12\/tender-loft-2w-engenharia-pic11.jpg 1200w, https:\/\/2wengenharia.com\/wp-content\/uploads\/2024\/12\/tender-loft-2w-engenharia-pic11-300x250.jpg 300w, https:\/\/2wengenharia.com\/wp-content\/uploads\/2024\/12\/tender-loft-2w-engenharia-pic11-1024x853.jpg 1024w, https:\/\/2wengenharia.com\/wp-content\/uploads\/2024\/12\/tender-loft-2w-engenharia-pic11-768x640.jpg 768w\" sizes=\"(max-width: 1200px) 100vw, 1200px\" \/><\/a>\n\t\t\t<\/div><\/figure><figure class='gallery-item'>\n\t\t\t<div class='gallery-icon landscape'>\n\t\t\t\t<a data-elementor-open-lightbox=\"yes\" data-elementor-lightbox-slideshow=\"55f403e5\" data-elementor-lightbox-title=\"tender-loft-2w-engenharia-pic12\" data-e-action-hash=\"#elementor-action%3Aaction%3Dlightbox%26settings%3DeyJpZCI6MTg4OSwidXJsIjoiaHR0cHM6XC9cLzJ3ZW5nZW5oYXJpYS5jb21cL3dwLWNvbnRlbnRcL3VwbG9hZHNcLzIwMjRcLzEyXC90ZW5kZXItbG9mdC0ydy1lbmdlbmhhcmlhLXBpYzEyLmpwZyIsInNsaWRlc2hvdyI6IjU1ZjQwM2U1In0%3D\" href='https:\/\/2wengenharia.com\/wp-content\/uploads\/2024\/12\/tender-loft-2w-engenharia-pic12.jpg'><img loading=\"lazy\" decoding=\"async\" width=\"1200\" height=\"1000\" src=\"https:\/\/2wengenharia.com\/wp-content\/uploads\/2024\/12\/tender-loft-2w-engenharia-pic12.jpg\" class=\"attachment-full size-full\" alt=\"\" srcset=\"https:\/\/2wengenharia.com\/wp-content\/uploads\/2024\/12\/tender-loft-2w-engenharia-pic12.jpg 1200w, https:\/\/2wengenharia.com\/wp-content\/uploads\/2024\/12\/tender-loft-2w-engenharia-pic12-300x250.jpg 300w, https:\/\/2wengenharia.com\/wp-content\/uploads\/2024\/12\/tender-loft-2w-engenharia-pic12-1024x853.jpg 1024w, https:\/\/2wengenharia.com\/wp-content\/uploads\/2024\/12\/tender-loft-2w-engenharia-pic12-768x640.jpg 768w\" sizes=\"(max-width: 1200px) 100vw, 1200px\" \/><\/a>\n\t\t\t<\/div><\/figure>\n\t\t<\/div>\n\t\t<\/div>\n\t\t\t\t\t\t<\/div>\n\t\t\t\t<\/div>\n\t\t\t\t\t<\/div>\n\t\t<\/div>\n\t\t\t\t\t<\/div>\n\t\t<\/section>\n\t\t\t\t<\/div>","protected":false},"excerpt":{"rendered":"<p>Tender Loft Com vista para o Centro hist\u00f3rico e para a Marina de Lagos, a renova\u00e7\u00e3o deste LOFT foi desafiante pela complexidade de realizar as obras num local extremamente movimentado e com a impossibilidade de circula\u00e7\u00e3o de viaturas ap\u00f3s as 10h. O resultado \u00e9 estrondoso. Cliente: Projeto: Local: Holger Cremer Renova\u00e7\u00e3o Lagos 0 m2 \u00c1rea [&hellip;]<\/p>","protected":false},"author":1,"featured_media":0,"parent":304,"menu_order":0,"comment_status":"closed","ping_status":"closed","template":"elementor_header_footer","meta":{"footnotes":""},"class_list":["post-1854","page","type-page","status-publish","hentry"],"_links":{"self":[{"href":"https:\/\/2wengenharia.com\/en\/wp-json\/wp\/v2\/pages\/1854","targetHints":{"allow":["GET"]}}],"collection":[{"href":"https:\/\/2wengenharia.com\/en\/wp-json\/wp\/v2\/pages"}],"about":[{"href":"https:\/\/2wengenharia.com\/en\/wp-json\/wp\/v2\/types\/page"}],"author":[{"embeddable":true,"href":"https:\/\/2wengenharia.com\/en\/wp-json\/wp\/v2\/users\/1"}],"replies":[{"embeddable":true,"href":"https:\/\/2wengenharia.com\/en\/wp-json\/wp\/v2\/comments?post=1854"}],"version-history":[{"count":4,"href":"https:\/\/2wengenharia.com\/en\/wp-json\/wp\/v2\/pages\/1854\/revisions"}],"predecessor-version":[{"id":1895,"href":"https:\/\/2wengenharia.com\/en\/wp-json\/wp\/v2\/pages\/1854\/revisions\/1895"}],"up":[{"embeddable":true,"href":"https:\/\/2wengenharia.com\/en\/wp-json\/wp\/v2\/pages\/304"}],"wp:attachment":[{"href":"https:\/\/2wengenharia.com\/en\/wp-json\/wp\/v2\/media?parent=1854"}],"curies":[{"name":"wp","href":"https:\/\/api.w.org\/{rel}","templated":true}]}}