{"id":1897,"date":"2024-12-09T15:23:21","date_gmt":"2024-12-09T15:23:21","guid":{"rendered":"https:\/\/2wengenharia.com\/portfolio\/tender-loft-copy\/"},"modified":"2024-12-09T15:28:01","modified_gmt":"2024-12-09T15:28:01","slug":"solicitors-office","status":"publish","type":"page","link":"https:\/\/2wengenharia.com\/en\/portfolio\/solicitors-office\/","title":{"rendered":"Solicitor&#8217;s Office"},"content":{"rendered":"<div data-elementor-type=\"wp-page\" data-elementor-id=\"1897\" class=\"elementor elementor-1897\">\n\t\t\t\t\t\t<section class=\"elementor-section elementor-top-section elementor-element elementor-element-27dbf1c1 elementor-section-boxed elementor-section-height-default elementor-section-height-default\" data-id=\"27dbf1c1\" data-element_type=\"section\" data-settings=\"{&quot;background_background&quot;:&quot;classic&quot;}\">\n\t\t\t\t\t\t\t<div class=\"elementor-background-overlay\"><\/div>\n\t\t\t\t\t\t\t<div class=\"elementor-container elementor-column-gap-default\">\n\t\t\t\t\t<div class=\"elementor-column elementor-col-100 elementor-top-column elementor-element elementor-element-276032d9\" data-id=\"276032d9\" data-element_type=\"column\">\n\t\t\t<div class=\"elementor-widget-wrap elementor-element-populated\">\n\t\t\t\t\t\t<div class=\"elementor-element elementor-element-1bf9572d elementor-widget elementor-widget-heading\" data-id=\"1bf9572d\" data-element_type=\"widget\" data-widget_type=\"heading.default\">\n\t\t\t\t<div class=\"elementor-widget-container\">\n\t\t\t\t\t<h2 class=\"elementor-heading-title elementor-size-default\">Solicitor's Office<\/h2>\t\t\t\t<\/div>\n\t\t\t\t<\/div>\n\t\t\t\t\t<\/div>\n\t\t<\/div>\n\t\t\t\t\t<\/div>\n\t\t<\/section>\n\t\t\t\t<section class=\"elementor-section elementor-top-section elementor-element elementor-element-58ff4aab elementor-section-boxed elementor-section-height-default elementor-section-height-default\" data-id=\"58ff4aab\" data-element_type=\"section\">\n\t\t\t\t\t\t<div class=\"elementor-container elementor-column-gap-default\">\n\t\t\t\t\t<div class=\"elementor-column elementor-col-50 elementor-top-column elementor-element elementor-element-77b44b47\" data-id=\"77b44b47\" data-element_type=\"column\">\n\t\t\t<div class=\"elementor-widget-wrap elementor-element-populated\">\n\t\t\t\t\t\t<div class=\"elementor-element elementor-element-6b4df4a9 elementor-widget elementor-widget-text-editor\" data-id=\"6b4df4a9\" data-element_type=\"widget\" data-widget_type=\"text-editor.default\">\n\t\t\t\t<div class=\"elementor-widget-container\">\n\t\t\t\t\t\t\t\t\t<p class=\"p1\"><span class=\"s1\">In the heart of Aljezur, we transformed a worn-out space into a modern and welcoming office.<\/span><\/p>\t\t\t\t\t\t\t\t<\/div>\n\t\t\t\t<\/div>\n\t\t\t\t<div class=\"elementor-element elementor-element-163b87b9 elementor-widget__width-initial elementor-icon-list--layout-traditional elementor-list-item-link-full_width elementor-widget elementor-widget-icon-list\" data-id=\"163b87b9\" data-element_type=\"widget\" data-widget_type=\"icon-list.default\">\n\t\t\t\t<div class=\"elementor-widget-container\">\n\t\t\t\t\t\t\t<ul class=\"elementor-icon-list-items\">\n\t\t\t\t\t\t\t<li class=\"elementor-icon-list-item\">\n\t\t\t\t\t\t\t\t\t\t<span class=\"elementor-icon-list-text\">Client:<\/span>\n\t\t\t\t\t\t\t\t\t<\/li>\n\t\t\t\t\t\t\t\t<li class=\"elementor-icon-list-item\">\n\t\t\t\t\t\t\t\t\t\t<span class=\"elementor-icon-list-text\">Project:<\/span>\n\t\t\t\t\t\t\t\t\t<\/li>\n\t\t\t\t\t\t\t\t<li class=\"elementor-icon-list-item\">\n\t\t\t\t\t\t\t\t\t\t<span class=\"elementor-icon-list-text\">Place:<\/span>\n\t\t\t\t\t\t\t\t\t<\/li>\n\t\t\t\t\t\t<\/ul>\n\t\t\t\t\t\t<\/div>\n\t\t\t\t<\/div>\n\t\t\t\t<div class=\"elementor-element elementor-element-772ce50b elementor-widget__width-initial elementor-icon-list--layout-traditional elementor-list-item-link-full_width elementor-widget elementor-widget-icon-list\" data-id=\"772ce50b\" data-element_type=\"widget\" data-widget_type=\"icon-list.default\">\n\t\t\t\t<div class=\"elementor-widget-container\">\n\t\t\t\t\t\t\t<ul class=\"elementor-icon-list-items\">\n\t\t\t\t\t\t\t<li class=\"elementor-icon-list-item\">\n\t\t\t\t\t\t\t\t\t\t<span class=\"elementor-icon-list-text\">Dra. Paula Amarelinho<\/span>\n\t\t\t\t\t\t\t\t\t<\/li>\n\t\t\t\t\t\t\t\t<li class=\"elementor-icon-list-item\">\n\t\t\t\t\t\t\t\t\t\t<span class=\"elementor-icon-list-text\">Renovation<\/span>\n\t\t\t\t\t\t\t\t\t<\/li>\n\t\t\t\t\t\t\t\t<li class=\"elementor-icon-list-item\">\n\t\t\t\t\t\t\t\t\t\t<span class=\"elementor-icon-list-text\">Aljezur<\/span>\n\t\t\t\t\t\t\t\t\t<\/li>\n\t\t\t\t\t\t<\/ul>\n\t\t\t\t\t\t<\/div>\n\t\t\t\t<\/div>\n\t\t\t\t<section class=\"elementor-section elementor-inner-section elementor-element elementor-element-4a3661d7 elementor-section-boxed elementor-section-height-default elementor-section-height-default\" data-id=\"4a3661d7\" data-element_type=\"section\">\n\t\t\t\t\t\t<div class=\"elementor-container elementor-column-gap-no\">\n\t\t\t\t\t<div class=\"elementor-column elementor-col-100 elementor-inner-column elementor-element elementor-element-47d9fbca\" data-id=\"47d9fbca\" data-element_type=\"column\">\n\t\t\t<div class=\"elementor-widget-wrap elementor-element-populated\">\n\t\t\t\t\t\t<div class=\"elementor-element elementor-element-4310dbc5 elementor-widget elementor-widget-jkit_fun_fact\" data-id=\"4310dbc5\" data-element_type=\"widget\" data-widget_type=\"jkit_fun_fact.default\">\n\t\t\t\t<div class=\"elementor-widget-container\">\n\t\t\t\t\t<div  class=\"jeg-elementor-kit jkit-fun-fact align-center hover-from-left elementor-animation- jeg_module___69fa77d424e3c\" ><div class=\"fun-fact-inner\">\n            <div class=\"content\">\n                <div class=\"number-wrapper\"><span class=\"prefix\"><\/span>\n        <span class=\"number\" data-value=\"40\" data-animation-duration=\"3500\">0<\/span>\n        <span class=\"suffix\">m<\/span><sup class=\"super\">2<\/sup><\/div>\n                <h2 class=\"title\">Renovated Area<\/h2>\n            <\/div>\n        <\/div><\/div>\t\t\t\t<\/div>\n\t\t\t\t<\/div>\n\t\t\t\t\t<\/div>\n\t\t<\/div>\n\t\t\t\t\t<\/div>\n\t\t<\/section>\n\t\t\t\t\t<\/div>\n\t\t<\/div>\n\t\t\t\t<div class=\"elementor-column elementor-col-50 elementor-top-column elementor-element elementor-element-4ae6ddce\" data-id=\"4ae6ddce\" data-element_type=\"column\">\n\t\t\t<div class=\"elementor-widget-wrap elementor-element-populated\">\n\t\t\t\t\t\t<div class=\"elementor-element elementor-element-55f403e5 gallery-spacing-custom elementor-widget elementor-widget-image-gallery\" data-id=\"55f403e5\" data-element_type=\"widget\" data-widget_type=\"image-gallery.default\">\n\t\t\t\t<div class=\"elementor-widget-container\">\n\t\t\t\t\t\t\t<div class=\"elementor-image-gallery\">\n\t\t\t<div id='gallery-1' class='gallery galleryid-1897 gallery-columns-2 gallery-size-full'><figure class='gallery-item'>\n\t\t\t<div class='gallery-icon landscape'>\n\t\t\t\t<a data-elementor-open-lightbox=\"yes\" data-elementor-lightbox-slideshow=\"55f403e5\" data-elementor-lightbox-title=\"escritorio-2w-engenharia-pic10\" data-e-action-hash=\"#elementor-action%3Aaction%3Dlightbox%26settings%3DeyJpZCI6MTkyNiwidXJsIjoiaHR0cHM6XC9cLzJ3ZW5nZW5oYXJpYS5jb21cL3dwLWNvbnRlbnRcL3VwbG9hZHNcLzIwMjRcLzEyXC9lc2NyaXRvcmlvLTJ3LWVuZ2VuaGFyaWEtcGljMTAuanBnIiwic2xpZGVzaG93IjoiNTVmNDAzZTUifQ%3D%3D\" href='https:\/\/2wengenharia.com\/wp-content\/uploads\/2024\/12\/escritorio-2w-engenharia-pic10.jpg'><img fetchpriority=\"high\" decoding=\"async\" width=\"1200\" height=\"1000\" src=\"https:\/\/2wengenharia.com\/wp-content\/uploads\/2024\/12\/escritorio-2w-engenharia-pic10.jpg\" class=\"attachment-full size-full\" alt=\"\" srcset=\"https:\/\/2wengenharia.com\/wp-content\/uploads\/2024\/12\/escritorio-2w-engenharia-pic10.jpg 1200w, https:\/\/2wengenharia.com\/wp-content\/uploads\/2024\/12\/escritorio-2w-engenharia-pic10-300x250.jpg 300w, https:\/\/2wengenharia.com\/wp-content\/uploads\/2024\/12\/escritorio-2w-engenharia-pic10-1024x853.jpg 1024w, https:\/\/2wengenharia.com\/wp-content\/uploads\/2024\/12\/escritorio-2w-engenharia-pic10-768x640.jpg 768w\" sizes=\"(max-width: 1200px) 100vw, 1200px\" \/><\/a>\n\t\t\t<\/div><\/figure><figure class='gallery-item'>\n\t\t\t<div class='gallery-icon landscape'>\n\t\t\t\t<a data-elementor-open-lightbox=\"yes\" data-elementor-lightbox-slideshow=\"55f403e5\" data-elementor-lightbox-title=\"escritorio-2w-engenharia-pic2\" data-e-action-hash=\"#elementor-action%3Aaction%3Dlightbox%26settings%3DeyJpZCI6MTkwNSwidXJsIjoiaHR0cHM6XC9cLzJ3ZW5nZW5oYXJpYS5jb21cL3dwLWNvbnRlbnRcL3VwbG9hZHNcLzIwMjRcLzEyXC9lc2NyaXRvcmlvLTJ3LWVuZ2VuaGFyaWEtcGljMi5qcGciLCJzbGlkZXNob3ciOiI1NWY0MDNlNSJ9\" href='https:\/\/2wengenharia.com\/wp-content\/uploads\/2024\/12\/escritorio-2w-engenharia-pic2.jpg'><img decoding=\"async\" width=\"1200\" height=\"1000\" src=\"https:\/\/2wengenharia.com\/wp-content\/uploads\/2024\/12\/escritorio-2w-engenharia-pic2.jpg\" class=\"attachment-full size-full\" alt=\"\" srcset=\"https:\/\/2wengenharia.com\/wp-content\/uploads\/2024\/12\/escritorio-2w-engenharia-pic2.jpg 1200w, https:\/\/2wengenharia.com\/wp-content\/uploads\/2024\/12\/escritorio-2w-engenharia-pic2-300x250.jpg 300w, https:\/\/2wengenharia.com\/wp-content\/uploads\/2024\/12\/escritorio-2w-engenharia-pic2-1024x853.jpg 1024w, https:\/\/2wengenharia.com\/wp-content\/uploads\/2024\/12\/escritorio-2w-engenharia-pic2-768x640.jpg 768w\" sizes=\"(max-width: 1200px) 100vw, 1200px\" \/><\/a>\n\t\t\t<\/div><\/figure><figure class='gallery-item'>\n\t\t\t<div class='gallery-icon landscape'>\n\t\t\t\t<a data-elementor-open-lightbox=\"yes\" data-elementor-lightbox-slideshow=\"55f403e5\" data-elementor-lightbox-title=\"escritorio-2w-engenharia-pic3\" data-e-action-hash=\"#elementor-action%3Aaction%3Dlightbox%26settings%3DeyJpZCI6MTkwOCwidXJsIjoiaHR0cHM6XC9cLzJ3ZW5nZW5oYXJpYS5jb21cL3dwLWNvbnRlbnRcL3VwbG9hZHNcLzIwMjRcLzEyXC9lc2NyaXRvcmlvLTJ3LWVuZ2VuaGFyaWEtcGljMy5qcGciLCJzbGlkZXNob3ciOiI1NWY0MDNlNSJ9\" href='https:\/\/2wengenharia.com\/wp-content\/uploads\/2024\/12\/escritorio-2w-engenharia-pic3.jpg'><img decoding=\"async\" width=\"1200\" height=\"1000\" src=\"https:\/\/2wengenharia.com\/wp-content\/uploads\/2024\/12\/escritorio-2w-engenharia-pic3.jpg\" class=\"attachment-full size-full\" alt=\"\" srcset=\"https:\/\/2wengenharia.com\/wp-content\/uploads\/2024\/12\/escritorio-2w-engenharia-pic3.jpg 1200w, https:\/\/2wengenharia.com\/wp-content\/uploads\/2024\/12\/escritorio-2w-engenharia-pic3-300x250.jpg 300w, https:\/\/2wengenharia.com\/wp-content\/uploads\/2024\/12\/escritorio-2w-engenharia-pic3-1024x853.jpg 1024w, https:\/\/2wengenharia.com\/wp-content\/uploads\/2024\/12\/escritorio-2w-engenharia-pic3-768x640.jpg 768w\" sizes=\"(max-width: 1200px) 100vw, 1200px\" \/><\/a>\n\t\t\t<\/div><\/figure><figure class='gallery-item'>\n\t\t\t<div class='gallery-icon landscape'>\n\t\t\t\t<a data-elementor-open-lightbox=\"yes\" data-elementor-lightbox-slideshow=\"55f403e5\" data-elementor-lightbox-title=\"escritorio-2w-engenharia-pic1\" data-e-action-hash=\"#elementor-action%3Aaction%3Dlightbox%26settings%3DeyJpZCI6MTkwMiwidXJsIjoiaHR0cHM6XC9cLzJ3ZW5nZW5oYXJpYS5jb21cL3dwLWNvbnRlbnRcL3VwbG9hZHNcLzIwMjRcLzEyXC9lc2NyaXRvcmlvLTJ3LWVuZ2VuaGFyaWEtcGljMS5qcGciLCJzbGlkZXNob3ciOiI1NWY0MDNlNSJ9\" href='https:\/\/2wengenharia.com\/wp-content\/uploads\/2024\/12\/escritorio-2w-engenharia-pic1.jpg'><img loading=\"lazy\" decoding=\"async\" width=\"1200\" height=\"1000\" src=\"https:\/\/2wengenharia.com\/wp-content\/uploads\/2024\/12\/escritorio-2w-engenharia-pic1.jpg\" class=\"attachment-full size-full\" alt=\"\" srcset=\"https:\/\/2wengenharia.com\/wp-content\/uploads\/2024\/12\/escritorio-2w-engenharia-pic1.jpg 1200w, https:\/\/2wengenharia.com\/wp-content\/uploads\/2024\/12\/escritorio-2w-engenharia-pic1-300x250.jpg 300w, https:\/\/2wengenharia.com\/wp-content\/uploads\/2024\/12\/escritorio-2w-engenharia-pic1-1024x853.jpg 1024w, https:\/\/2wengenharia.com\/wp-content\/uploads\/2024\/12\/escritorio-2w-engenharia-pic1-768x640.jpg 768w\" sizes=\"(max-width: 1200px) 100vw, 1200px\" \/><\/a>\n\t\t\t<\/div><\/figure><figure class='gallery-item'>\n\t\t\t<div class='gallery-icon landscape'>\n\t\t\t\t<a data-elementor-open-lightbox=\"yes\" data-elementor-lightbox-slideshow=\"55f403e5\" data-elementor-lightbox-title=\"escritorio-2w-engenharia-pic4\" data-e-action-hash=\"#elementor-action%3Aaction%3Dlightbox%26settings%3DeyJpZCI6MTkxMSwidXJsIjoiaHR0cHM6XC9cLzJ3ZW5nZW5oYXJpYS5jb21cL3dwLWNvbnRlbnRcL3VwbG9hZHNcLzIwMjRcLzEyXC9lc2NyaXRvcmlvLTJ3LWVuZ2VuaGFyaWEtcGljNC5qcGciLCJzbGlkZXNob3ciOiI1NWY0MDNlNSJ9\" href='https:\/\/2wengenharia.com\/wp-content\/uploads\/2024\/12\/escritorio-2w-engenharia-pic4.jpg'><img loading=\"lazy\" decoding=\"async\" width=\"1200\" height=\"1000\" src=\"https:\/\/2wengenharia.com\/wp-content\/uploads\/2024\/12\/escritorio-2w-engenharia-pic4.jpg\" class=\"attachment-full size-full\" alt=\"\" srcset=\"https:\/\/2wengenharia.com\/wp-content\/uploads\/2024\/12\/escritorio-2w-engenharia-pic4.jpg 1200w, https:\/\/2wengenharia.com\/wp-content\/uploads\/2024\/12\/escritorio-2w-engenharia-pic4-300x250.jpg 300w, https:\/\/2wengenharia.com\/wp-content\/uploads\/2024\/12\/escritorio-2w-engenharia-pic4-1024x853.jpg 1024w, https:\/\/2wengenharia.com\/wp-content\/uploads\/2024\/12\/escritorio-2w-engenharia-pic4-768x640.jpg 768w\" sizes=\"(max-width: 1200px) 100vw, 1200px\" \/><\/a>\n\t\t\t<\/div><\/figure><figure class='gallery-item'>\n\t\t\t<div class='gallery-icon landscape'>\n\t\t\t\t<a data-elementor-open-lightbox=\"yes\" data-elementor-lightbox-slideshow=\"55f403e5\" data-elementor-lightbox-title=\"escritorio-2w-engenharia-pic5\" data-e-action-hash=\"#elementor-action%3Aaction%3Dlightbox%26settings%3DeyJpZCI6MTkxNCwidXJsIjoiaHR0cHM6XC9cLzJ3ZW5nZW5oYXJpYS5jb21cL3dwLWNvbnRlbnRcL3VwbG9hZHNcLzIwMjRcLzEyXC9lc2NyaXRvcmlvLTJ3LWVuZ2VuaGFyaWEtcGljNS5qcGciLCJzbGlkZXNob3ciOiI1NWY0MDNlNSJ9\" href='https:\/\/2wengenharia.com\/wp-content\/uploads\/2024\/12\/escritorio-2w-engenharia-pic5.jpg'><img loading=\"lazy\" decoding=\"async\" width=\"1200\" height=\"1000\" src=\"https:\/\/2wengenharia.com\/wp-content\/uploads\/2024\/12\/escritorio-2w-engenharia-pic5.jpg\" class=\"attachment-full size-full\" alt=\"\" srcset=\"https:\/\/2wengenharia.com\/wp-content\/uploads\/2024\/12\/escritorio-2w-engenharia-pic5.jpg 1200w, https:\/\/2wengenharia.com\/wp-content\/uploads\/2024\/12\/escritorio-2w-engenharia-pic5-300x250.jpg 300w, https:\/\/2wengenharia.com\/wp-content\/uploads\/2024\/12\/escritorio-2w-engenharia-pic5-1024x853.jpg 1024w, https:\/\/2wengenharia.com\/wp-content\/uploads\/2024\/12\/escritorio-2w-engenharia-pic5-768x640.jpg 768w\" sizes=\"(max-width: 1200px) 100vw, 1200px\" \/><\/a>\n\t\t\t<\/div><\/figure><figure class='gallery-item'>\n\t\t\t<div class='gallery-icon landscape'>\n\t\t\t\t<a data-elementor-open-lightbox=\"yes\" data-elementor-lightbox-slideshow=\"55f403e5\" data-elementor-lightbox-title=\"escritorio-2w-engenharia-pic6\" data-e-action-hash=\"#elementor-action%3Aaction%3Dlightbox%26settings%3DeyJpZCI6MTkxNywidXJsIjoiaHR0cHM6XC9cLzJ3ZW5nZW5oYXJpYS5jb21cL3dwLWNvbnRlbnRcL3VwbG9hZHNcLzIwMjRcLzEyXC9lc2NyaXRvcmlvLTJ3LWVuZ2VuaGFyaWEtcGljNi5qcGciLCJzbGlkZXNob3ciOiI1NWY0MDNlNSJ9\" href='https:\/\/2wengenharia.com\/wp-content\/uploads\/2024\/12\/escritorio-2w-engenharia-pic6.jpg'><img loading=\"lazy\" decoding=\"async\" width=\"1200\" height=\"1000\" src=\"https:\/\/2wengenharia.com\/wp-content\/uploads\/2024\/12\/escritorio-2w-engenharia-pic6.jpg\" class=\"attachment-full size-full\" alt=\"\" srcset=\"https:\/\/2wengenharia.com\/wp-content\/uploads\/2024\/12\/escritorio-2w-engenharia-pic6.jpg 1200w, https:\/\/2wengenharia.com\/wp-content\/uploads\/2024\/12\/escritorio-2w-engenharia-pic6-300x250.jpg 300w, https:\/\/2wengenharia.com\/wp-content\/uploads\/2024\/12\/escritorio-2w-engenharia-pic6-1024x853.jpg 1024w, https:\/\/2wengenharia.com\/wp-content\/uploads\/2024\/12\/escritorio-2w-engenharia-pic6-768x640.jpg 768w\" sizes=\"(max-width: 1200px) 100vw, 1200px\" \/><\/a>\n\t\t\t<\/div><\/figure><figure class='gallery-item'>\n\t\t\t<div class='gallery-icon landscape'>\n\t\t\t\t<a data-elementor-open-lightbox=\"yes\" data-elementor-lightbox-slideshow=\"55f403e5\" data-elementor-lightbox-title=\"escritorio-2w-engenharia-pic7\" data-e-action-hash=\"#elementor-action%3Aaction%3Dlightbox%26settings%3DeyJpZCI6MTg5OSwidXJsIjoiaHR0cHM6XC9cLzJ3ZW5nZW5oYXJpYS5jb21cL3dwLWNvbnRlbnRcL3VwbG9hZHNcLzIwMjRcLzEyXC9lc2NyaXRvcmlvLTJ3LWVuZ2VuaGFyaWEtcGljNy5qcGciLCJzbGlkZXNob3ciOiI1NWY0MDNlNSJ9\" href='https:\/\/2wengenharia.com\/wp-content\/uploads\/2024\/12\/escritorio-2w-engenharia-pic7.jpg'><img loading=\"lazy\" decoding=\"async\" width=\"1200\" height=\"1000\" src=\"https:\/\/2wengenharia.com\/wp-content\/uploads\/2024\/12\/escritorio-2w-engenharia-pic7.jpg\" class=\"attachment-full size-full\" alt=\"\" srcset=\"https:\/\/2wengenharia.com\/wp-content\/uploads\/2024\/12\/escritorio-2w-engenharia-pic7.jpg 1200w, https:\/\/2wengenharia.com\/wp-content\/uploads\/2024\/12\/escritorio-2w-engenharia-pic7-300x250.jpg 300w, https:\/\/2wengenharia.com\/wp-content\/uploads\/2024\/12\/escritorio-2w-engenharia-pic7-1024x853.jpg 1024w, https:\/\/2wengenharia.com\/wp-content\/uploads\/2024\/12\/escritorio-2w-engenharia-pic7-768x640.jpg 768w\" sizes=\"(max-width: 1200px) 100vw, 1200px\" \/><\/a>\n\t\t\t<\/div><\/figure><figure class='gallery-item'>\n\t\t\t<div class='gallery-icon landscape'>\n\t\t\t\t<a data-elementor-open-lightbox=\"yes\" data-elementor-lightbox-slideshow=\"55f403e5\" data-elementor-lightbox-title=\"escritorio-2w-engenharia-pic8\" data-e-action-hash=\"#elementor-action%3Aaction%3Dlightbox%26settings%3DeyJpZCI6MTkyMCwidXJsIjoiaHR0cHM6XC9cLzJ3ZW5nZW5oYXJpYS5jb21cL3dwLWNvbnRlbnRcL3VwbG9hZHNcLzIwMjRcLzEyXC9lc2NyaXRvcmlvLTJ3LWVuZ2VuaGFyaWEtcGljOC5qcGciLCJzbGlkZXNob3ciOiI1NWY0MDNlNSJ9\" href='https:\/\/2wengenharia.com\/wp-content\/uploads\/2024\/12\/escritorio-2w-engenharia-pic8.jpg'><img loading=\"lazy\" decoding=\"async\" width=\"1200\" height=\"1000\" src=\"https:\/\/2wengenharia.com\/wp-content\/uploads\/2024\/12\/escritorio-2w-engenharia-pic8.jpg\" class=\"attachment-full size-full\" alt=\"\" srcset=\"https:\/\/2wengenharia.com\/wp-content\/uploads\/2024\/12\/escritorio-2w-engenharia-pic8.jpg 1200w, https:\/\/2wengenharia.com\/wp-content\/uploads\/2024\/12\/escritorio-2w-engenharia-pic8-300x250.jpg 300w, https:\/\/2wengenharia.com\/wp-content\/uploads\/2024\/12\/escritorio-2w-engenharia-pic8-1024x853.jpg 1024w, https:\/\/2wengenharia.com\/wp-content\/uploads\/2024\/12\/escritorio-2w-engenharia-pic8-768x640.jpg 768w\" sizes=\"(max-width: 1200px) 100vw, 1200px\" \/><\/a>\n\t\t\t<\/div><\/figure><figure class='gallery-item'>\n\t\t\t<div class='gallery-icon landscape'>\n\t\t\t\t<a data-elementor-open-lightbox=\"yes\" data-elementor-lightbox-slideshow=\"55f403e5\" data-elementor-lightbox-title=\"escritorio-2w-engenharia-pic9\" data-e-action-hash=\"#elementor-action%3Aaction%3Dlightbox%26settings%3DeyJpZCI6MTkyMywidXJsIjoiaHR0cHM6XC9cLzJ3ZW5nZW5oYXJpYS5jb21cL3dwLWNvbnRlbnRcL3VwbG9hZHNcLzIwMjRcLzEyXC9lc2NyaXRvcmlvLTJ3LWVuZ2VuaGFyaWEtcGljOS5qcGciLCJzbGlkZXNob3ciOiI1NWY0MDNlNSJ9\" href='https:\/\/2wengenharia.com\/wp-content\/uploads\/2024\/12\/escritorio-2w-engenharia-pic9.jpg'><img loading=\"lazy\" decoding=\"async\" width=\"1200\" height=\"1000\" src=\"https:\/\/2wengenharia.com\/wp-content\/uploads\/2024\/12\/escritorio-2w-engenharia-pic9.jpg\" class=\"attachment-full size-full\" alt=\"\" srcset=\"https:\/\/2wengenharia.com\/wp-content\/uploads\/2024\/12\/escritorio-2w-engenharia-pic9.jpg 1200w, https:\/\/2wengenharia.com\/wp-content\/uploads\/2024\/12\/escritorio-2w-engenharia-pic9-300x250.jpg 300w, https:\/\/2wengenharia.com\/wp-content\/uploads\/2024\/12\/escritorio-2w-engenharia-pic9-1024x853.jpg 1024w, https:\/\/2wengenharia.com\/wp-content\/uploads\/2024\/12\/escritorio-2w-engenharia-pic9-768x640.jpg 768w\" sizes=\"(max-width: 1200px) 100vw, 1200px\" \/><\/a>\n\t\t\t<\/div><\/figure>\n\t\t<\/div>\n\t\t<\/div>\n\t\t\t\t\t\t<\/div>\n\t\t\t\t<\/div>\n\t\t\t\t\t<\/div>\n\t\t<\/div>\n\t\t\t\t\t<\/div>\n\t\t<\/section>\n\t\t\t\t<\/div>","protected":false},"excerpt":{"rendered":"<p>Solicitor&#8217;s Office No cora\u00e7\u00e3o da Vila de Aljezur, torna-mos um espa\u00e7o desgastado, num escrit\u00f3rio moderno e acolhedor. Cliente: Projeto: Local: Dra. Paula Amarelinho Renova\u00e7\u00e3o Aljezur 0 m2 \u00c1rea Renovada<\/p>","protected":false},"author":1,"featured_media":0,"parent":304,"menu_order":0,"comment_status":"closed","ping_status":"closed","template":"elementor_header_footer","meta":{"footnotes":""},"class_list":["post-1897","page","type-page","status-publish","hentry"],"_links":{"self":[{"href":"https:\/\/2wengenharia.com\/en\/wp-json\/wp\/v2\/pages\/1897","targetHints":{"allow":["GET"]}}],"collection":[{"href":"https:\/\/2wengenharia.com\/en\/wp-json\/wp\/v2\/pages"}],"about":[{"href":"https:\/\/2wengenharia.com\/en\/wp-json\/wp\/v2\/types\/page"}],"author":[{"embeddable":true,"href":"https:\/\/2wengenharia.com\/en\/wp-json\/wp\/v2\/users\/1"}],"replies":[{"embeddable":true,"href":"https:\/\/2wengenharia.com\/en\/wp-json\/wp\/v2\/comments?post=1897"}],"version-history":[{"count":4,"href":"https:\/\/2wengenharia.com\/en\/wp-json\/wp\/v2\/pages\/1897\/revisions"}],"predecessor-version":[{"id":1932,"href":"https:\/\/2wengenharia.com\/en\/wp-json\/wp\/v2\/pages\/1897\/revisions\/1932"}],"up":[{"embeddable":true,"href":"https:\/\/2wengenharia.com\/en\/wp-json\/wp\/v2\/pages\/304"}],"wp:attachment":[{"href":"https:\/\/2wengenharia.com\/en\/wp-json\/wp\/v2\/media?parent=1897"}],"curies":[{"name":"wp","href":"https:\/\/api.w.org\/{rel}","templated":true}]}}