{"id":2088,"date":"2024-12-09T15:43:00","date_gmt":"2024-12-09T15:43:00","guid":{"rendered":"https:\/\/2wengenharia.com\/portfolio\/126-porto-de-mos-copy\/"},"modified":"2024-12-09T15:46:55","modified_gmt":"2024-12-09T15:46:55","slug":"alma-verde-104","status":"publish","type":"page","link":"https:\/\/2wengenharia.com\/en\/portfolio\/alma-verde-104\/","title":{"rendered":"Alma Verde 104"},"content":{"rendered":"<div data-elementor-type=\"wp-page\" data-elementor-id=\"2088\" class=\"elementor elementor-2088\">\n\t\t\t\t\t\t<section class=\"elementor-section elementor-top-section elementor-element elementor-element-27dbf1c1 elementor-section-boxed elementor-section-height-default elementor-section-height-default\" data-id=\"27dbf1c1\" data-element_type=\"section\" data-settings=\"{&quot;background_background&quot;:&quot;classic&quot;}\">\n\t\t\t\t\t\t\t<div class=\"elementor-background-overlay\"><\/div>\n\t\t\t\t\t\t\t<div class=\"elementor-container elementor-column-gap-default\">\n\t\t\t\t\t<div class=\"elementor-column elementor-col-100 elementor-top-column elementor-element elementor-element-276032d9\" data-id=\"276032d9\" data-element_type=\"column\">\n\t\t\t<div class=\"elementor-widget-wrap elementor-element-populated\">\n\t\t\t\t\t\t<div class=\"elementor-element elementor-element-1bf9572d elementor-widget elementor-widget-heading\" data-id=\"1bf9572d\" data-element_type=\"widget\" data-widget_type=\"heading.default\">\n\t\t\t\t<div class=\"elementor-widget-container\">\n\t\t\t\t\t<h2 class=\"elementor-heading-title elementor-size-default\">Alma Verde 104<\/h2>\t\t\t\t<\/div>\n\t\t\t\t<\/div>\n\t\t\t\t\t<\/div>\n\t\t<\/div>\n\t\t\t\t\t<\/div>\n\t\t<\/section>\n\t\t\t\t<section class=\"elementor-section elementor-top-section elementor-element elementor-element-58ff4aab elementor-section-boxed elementor-section-height-default elementor-section-height-default\" data-id=\"58ff4aab\" data-element_type=\"section\">\n\t\t\t\t\t\t<div class=\"elementor-container elementor-column-gap-default\">\n\t\t\t\t\t<div class=\"elementor-column elementor-col-50 elementor-top-column elementor-element elementor-element-77b44b47\" data-id=\"77b44b47\" data-element_type=\"column\">\n\t\t\t<div class=\"elementor-widget-wrap elementor-element-populated\">\n\t\t\t\t\t\t<div class=\"elementor-element elementor-element-6b4df4a9 elementor-widget elementor-widget-text-editor\" data-id=\"6b4df4a9\" data-element_type=\"widget\" data-widget_type=\"text-editor.default\">\n\t\t\t\t<div class=\"elementor-widget-container\">\n\t\t\t\t\t\t\t\t\t<p class=\"p1\">In progress<\/p>\t\t\t\t\t\t\t\t<\/div>\n\t\t\t\t<\/div>\n\t\t\t\t<div class=\"elementor-element elementor-element-163b87b9 elementor-widget__width-initial elementor-icon-list--layout-traditional elementor-list-item-link-full_width elementor-widget elementor-widget-icon-list\" data-id=\"163b87b9\" data-element_type=\"widget\" data-widget_type=\"icon-list.default\">\n\t\t\t\t<div class=\"elementor-widget-container\">\n\t\t\t\t\t\t\t<ul class=\"elementor-icon-list-items\">\n\t\t\t\t\t\t\t<li class=\"elementor-icon-list-item\">\n\t\t\t\t\t\t\t\t\t\t<span class=\"elementor-icon-list-text\">Client:<\/span>\n\t\t\t\t\t\t\t\t\t<\/li>\n\t\t\t\t\t\t\t\t<li class=\"elementor-icon-list-item\">\n\t\t\t\t\t\t\t\t\t\t<span class=\"elementor-icon-list-text\">Project:<\/span>\n\t\t\t\t\t\t\t\t\t<\/li>\n\t\t\t\t\t\t\t\t<li class=\"elementor-icon-list-item\">\n\t\t\t\t\t\t\t\t\t\t<span class=\"elementor-icon-list-text\">Place:<\/span>\n\t\t\t\t\t\t\t\t\t<\/li>\n\t\t\t\t\t\t<\/ul>\n\t\t\t\t\t\t<\/div>\n\t\t\t\t<\/div>\n\t\t\t\t<div class=\"elementor-element elementor-element-772ce50b elementor-widget__width-initial elementor-icon-list--layout-traditional elementor-list-item-link-full_width elementor-widget elementor-widget-icon-list\" data-id=\"772ce50b\" data-element_type=\"widget\" data-widget_type=\"icon-list.default\">\n\t\t\t\t<div class=\"elementor-widget-container\">\n\t\t\t\t\t\t\t<ul class=\"elementor-icon-list-items\">\n\t\t\t\t\t\t\t<li class=\"elementor-icon-list-item\">\n\t\t\t\t\t\t\t\t\t\t<span class=\"elementor-icon-list-text\">Vincent Mendiburu<\/span>\n\t\t\t\t\t\t\t\t\t<\/li>\n\t\t\t\t\t\t\t\t<li class=\"elementor-icon-list-item\">\n\t\t\t\t\t\t\t\t\t\t<span class=\"elementor-icon-list-text\">New Construction<\/span>\n\t\t\t\t\t\t\t\t\t<\/li>\n\t\t\t\t\t\t\t\t<li class=\"elementor-icon-list-item\">\n\t\t\t\t\t\t\t\t\t\t<span class=\"elementor-icon-list-text\">Lagos<\/span>\n\t\t\t\t\t\t\t\t\t<\/li>\n\t\t\t\t\t\t<\/ul>\n\t\t\t\t\t\t<\/div>\n\t\t\t\t<\/div>\n\t\t\t\t<section class=\"elementor-section elementor-inner-section elementor-element elementor-element-4a3661d7 elementor-section-boxed elementor-section-height-default elementor-section-height-default\" data-id=\"4a3661d7\" data-element_type=\"section\">\n\t\t\t\t\t\t<div class=\"elementor-container elementor-column-gap-no\">\n\t\t\t\t\t<div class=\"elementor-column elementor-col-100 elementor-inner-column elementor-element elementor-element-47d9fbca\" data-id=\"47d9fbca\" data-element_type=\"column\">\n\t\t\t<div class=\"elementor-widget-wrap elementor-element-populated\">\n\t\t\t\t\t\t<div class=\"elementor-element elementor-element-4310dbc5 elementor-widget elementor-widget-jkit_fun_fact\" data-id=\"4310dbc5\" data-element_type=\"widget\" data-widget_type=\"jkit_fun_fact.default\">\n\t\t\t\t<div class=\"elementor-widget-container\">\n\t\t\t\t\t<div  class=\"jeg-elementor-kit jkit-fun-fact align-center hover-from-left elementor-animation- jeg_module___69fa8f1f33e62\" ><div class=\"fun-fact-inner\">\n            <div class=\"content\">\n                <div class=\"number-wrapper\"><span class=\"prefix\"><\/span>\n        <span class=\"number\" data-value=\"170\" data-animation-duration=\"3500\">0<\/span>\n        <span class=\"suffix\">m<\/span><sup class=\"super\">2<\/sup><\/div>\n                <h2 class=\"title\">Total Area<\/h2>\n            <\/div>\n        <\/div><\/div>\t\t\t\t<\/div>\n\t\t\t\t<\/div>\n\t\t\t\t\t<\/div>\n\t\t<\/div>\n\t\t\t\t\t<\/div>\n\t\t<\/section>\n\t\t\t\t<section class=\"elementor-section elementor-inner-section elementor-element elementor-element-82d0234 elementor-section-boxed elementor-section-height-default elementor-section-height-default\" data-id=\"82d0234\" data-element_type=\"section\">\n\t\t\t\t\t\t<div class=\"elementor-container elementor-column-gap-no\">\n\t\t\t\t\t<div class=\"elementor-column elementor-col-100 elementor-inner-column elementor-element elementor-element-a87ddd5\" data-id=\"a87ddd5\" data-element_type=\"column\">\n\t\t\t<div class=\"elementor-widget-wrap elementor-element-populated\">\n\t\t\t\t\t\t<div class=\"elementor-element elementor-element-5d9126e elementor-widget elementor-widget-jkit_fun_fact\" data-id=\"5d9126e\" data-element_type=\"widget\" data-widget_type=\"jkit_fun_fact.default\">\n\t\t\t\t<div class=\"elementor-widget-container\">\n\t\t\t\t\t<div  class=\"jeg-elementor-kit jkit-fun-fact align-center hover-from-left elementor-animation- jeg_module__1_69fa8f1f3431e\" ><div class=\"fun-fact-inner\">\n            <div class=\"content\">\n                <div class=\"number-wrapper\"><span class=\"prefix\"><\/span>\n        <span class=\"number\" data-value=\"155\" data-animation-duration=\"3500\">0<\/span>\n        <span class=\"suffix\">m<\/span><sup class=\"super\">2<\/sup><\/div>\n                <h2 class=\"title\">Built Area<\/h2>\n            <\/div>\n        <\/div><\/div>\t\t\t\t<\/div>\n\t\t\t\t<\/div>\n\t\t\t\t\t<\/div>\n\t\t<\/div>\n\t\t\t\t\t<\/div>\n\t\t<\/section>\n\t\t\t\t<section class=\"elementor-section elementor-inner-section elementor-element elementor-element-b6b5bb9 elementor-section-boxed elementor-section-height-default elementor-section-height-default\" data-id=\"b6b5bb9\" data-element_type=\"section\">\n\t\t\t\t\t\t<div class=\"elementor-container elementor-column-gap-no\">\n\t\t\t\t\t<div class=\"elementor-column elementor-col-100 elementor-inner-column elementor-element elementor-element-1301530\" data-id=\"1301530\" data-element_type=\"column\">\n\t\t\t<div class=\"elementor-widget-wrap elementor-element-populated\">\n\t\t\t\t\t\t<div class=\"elementor-element elementor-element-e96dc09 elementor-widget elementor-widget-jkit_fun_fact\" data-id=\"e96dc09\" data-element_type=\"widget\" data-widget_type=\"jkit_fun_fact.default\">\n\t\t\t\t<div class=\"elementor-widget-container\">\n\t\t\t\t\t<div  class=\"jeg-elementor-kit jkit-fun-fact align-center hover-from-left elementor-animation- jeg_module__2_69fa8f1f34649\" ><div class=\"fun-fact-inner\">\n            <div class=\"content\">\n                <div class=\"number-wrapper\"><span class=\"prefix\"><\/span>\n        <span class=\"number\" data-value=\"350\" data-animation-duration=\"3500\">0<\/span>\n        <span class=\"suffix\">m<\/span><sup class=\"super\">2<\/sup><\/div>\n                <h2 class=\"title\">Total Land Area<\/h2>\n            <\/div>\n        <\/div><\/div>\t\t\t\t<\/div>\n\t\t\t\t<\/div>\n\t\t\t\t\t<\/div>\n\t\t<\/div>\n\t\t\t\t\t<\/div>\n\t\t<\/section>\n\t\t\t\t\t<\/div>\n\t\t<\/div>\n\t\t\t\t<div class=\"elementor-column elementor-col-50 elementor-top-column elementor-element elementor-element-4ae6ddce\" data-id=\"4ae6ddce\" data-element_type=\"column\">\n\t\t\t<div class=\"elementor-widget-wrap elementor-element-populated\">\n\t\t\t\t\t\t<div class=\"elementor-element elementor-element-55f403e5 gallery-spacing-custom elementor-widget elementor-widget-image-gallery\" data-id=\"55f403e5\" data-element_type=\"widget\" data-widget_type=\"image-gallery.default\">\n\t\t\t\t<div class=\"elementor-widget-container\">\n\t\t\t\t\t\t\t<div class=\"elementor-image-gallery\">\n\t\t\t<div id='gallery-1' class='gallery galleryid-2088 gallery-columns-2 gallery-size-full'><figure class='gallery-item'>\n\t\t\t<div class='gallery-icon landscape'>\n\t\t\t\t<a data-elementor-open-lightbox=\"yes\" data-elementor-lightbox-slideshow=\"55f403e5\" data-elementor-lightbox-title=\"alma-verde-2w-engenharia-pic2\" data-e-action-hash=\"#elementor-action%3Aaction%3Dlightbox%26settings%3DeyJpZCI6MjA5MywidXJsIjoiaHR0cHM6XC9cLzJ3ZW5nZW5oYXJpYS5jb21cL3dwLWNvbnRlbnRcL3VwbG9hZHNcLzIwMjRcLzEyXC9hbG1hLXZlcmRlLTJ3LWVuZ2VuaGFyaWEtcGljMi5qcGciLCJzbGlkZXNob3ciOiI1NWY0MDNlNSJ9\" href='https:\/\/2wengenharia.com\/wp-content\/uploads\/2024\/12\/alma-verde-2w-engenharia-pic2.jpg'><img fetchpriority=\"high\" decoding=\"async\" width=\"1200\" height=\"1000\" src=\"https:\/\/2wengenharia.com\/wp-content\/uploads\/2024\/12\/alma-verde-2w-engenharia-pic2.jpg\" class=\"attachment-full size-full\" alt=\"\" srcset=\"https:\/\/2wengenharia.com\/wp-content\/uploads\/2024\/12\/alma-verde-2w-engenharia-pic2.jpg 1200w, https:\/\/2wengenharia.com\/wp-content\/uploads\/2024\/12\/alma-verde-2w-engenharia-pic2-300x250.jpg 300w, https:\/\/2wengenharia.com\/wp-content\/uploads\/2024\/12\/alma-verde-2w-engenharia-pic2-1024x853.jpg 1024w, https:\/\/2wengenharia.com\/wp-content\/uploads\/2024\/12\/alma-verde-2w-engenharia-pic2-768x640.jpg 768w\" sizes=\"(max-width: 1200px) 100vw, 1200px\" \/><\/a>\n\t\t\t<\/div><\/figure><figure class='gallery-item'>\n\t\t\t<div class='gallery-icon landscape'>\n\t\t\t\t<a data-elementor-open-lightbox=\"yes\" data-elementor-lightbox-slideshow=\"55f403e5\" data-elementor-lightbox-title=\"alma-verde-2w-engenharia-pic3\" data-e-action-hash=\"#elementor-action%3Aaction%3Dlightbox%26settings%3DeyJpZCI6MjA5NiwidXJsIjoiaHR0cHM6XC9cLzJ3ZW5nZW5oYXJpYS5jb21cL3dwLWNvbnRlbnRcL3VwbG9hZHNcLzIwMjRcLzEyXC9hbG1hLXZlcmRlLTJ3LWVuZ2VuaGFyaWEtcGljMy5qcGciLCJzbGlkZXNob3ciOiI1NWY0MDNlNSJ9\" href='https:\/\/2wengenharia.com\/wp-content\/uploads\/2024\/12\/alma-verde-2w-engenharia-pic3.jpg'><img decoding=\"async\" width=\"1200\" height=\"1000\" src=\"https:\/\/2wengenharia.com\/wp-content\/uploads\/2024\/12\/alma-verde-2w-engenharia-pic3.jpg\" class=\"attachment-full size-full\" alt=\"\" srcset=\"https:\/\/2wengenharia.com\/wp-content\/uploads\/2024\/12\/alma-verde-2w-engenharia-pic3.jpg 1200w, https:\/\/2wengenharia.com\/wp-content\/uploads\/2024\/12\/alma-verde-2w-engenharia-pic3-300x250.jpg 300w, https:\/\/2wengenharia.com\/wp-content\/uploads\/2024\/12\/alma-verde-2w-engenharia-pic3-1024x853.jpg 1024w, https:\/\/2wengenharia.com\/wp-content\/uploads\/2024\/12\/alma-verde-2w-engenharia-pic3-768x640.jpg 768w\" sizes=\"(max-width: 1200px) 100vw, 1200px\" \/><\/a>\n\t\t\t<\/div><\/figure><figure class='gallery-item'>\n\t\t\t<div class='gallery-icon landscape'>\n\t\t\t\t<a data-elementor-open-lightbox=\"yes\" data-elementor-lightbox-slideshow=\"55f403e5\" data-elementor-lightbox-title=\"alma-verde-2w-engenharia-pic4\" data-e-action-hash=\"#elementor-action%3Aaction%3Dlightbox%26settings%3DeyJpZCI6MjA5OSwidXJsIjoiaHR0cHM6XC9cLzJ3ZW5nZW5oYXJpYS5jb21cL3dwLWNvbnRlbnRcL3VwbG9hZHNcLzIwMjRcLzEyXC9hbG1hLXZlcmRlLTJ3LWVuZ2VuaGFyaWEtcGljNC5qcGciLCJzbGlkZXNob3ciOiI1NWY0MDNlNSJ9\" href='https:\/\/2wengenharia.com\/wp-content\/uploads\/2024\/12\/alma-verde-2w-engenharia-pic4.jpg'><img decoding=\"async\" width=\"1200\" height=\"1000\" src=\"https:\/\/2wengenharia.com\/wp-content\/uploads\/2024\/12\/alma-verde-2w-engenharia-pic4.jpg\" class=\"attachment-full size-full\" alt=\"\" srcset=\"https:\/\/2wengenharia.com\/wp-content\/uploads\/2024\/12\/alma-verde-2w-engenharia-pic4.jpg 1200w, https:\/\/2wengenharia.com\/wp-content\/uploads\/2024\/12\/alma-verde-2w-engenharia-pic4-300x250.jpg 300w, https:\/\/2wengenharia.com\/wp-content\/uploads\/2024\/12\/alma-verde-2w-engenharia-pic4-1024x853.jpg 1024w, https:\/\/2wengenharia.com\/wp-content\/uploads\/2024\/12\/alma-verde-2w-engenharia-pic4-768x640.jpg 768w\" sizes=\"(max-width: 1200px) 100vw, 1200px\" \/><\/a>\n\t\t\t<\/div><\/figure><figure class='gallery-item'>\n\t\t\t<div class='gallery-icon landscape'>\n\t\t\t\t<a data-elementor-open-lightbox=\"yes\" data-elementor-lightbox-slideshow=\"55f403e5\" data-elementor-lightbox-title=\"alma-verde-2w-engenharia-pic5\" data-e-action-hash=\"#elementor-action%3Aaction%3Dlightbox%26settings%3DeyJpZCI6MjEwMiwidXJsIjoiaHR0cHM6XC9cLzJ3ZW5nZW5oYXJpYS5jb21cL3dwLWNvbnRlbnRcL3VwbG9hZHNcLzIwMjRcLzEyXC9hbG1hLXZlcmRlLTJ3LWVuZ2VuaGFyaWEtcGljNS5qcGciLCJzbGlkZXNob3ciOiI1NWY0MDNlNSJ9\" href='https:\/\/2wengenharia.com\/wp-content\/uploads\/2024\/12\/alma-verde-2w-engenharia-pic5.jpg'><img loading=\"lazy\" decoding=\"async\" width=\"1200\" height=\"1000\" src=\"https:\/\/2wengenharia.com\/wp-content\/uploads\/2024\/12\/alma-verde-2w-engenharia-pic5.jpg\" class=\"attachment-full size-full\" alt=\"\" srcset=\"https:\/\/2wengenharia.com\/wp-content\/uploads\/2024\/12\/alma-verde-2w-engenharia-pic5.jpg 1200w, https:\/\/2wengenharia.com\/wp-content\/uploads\/2024\/12\/alma-verde-2w-engenharia-pic5-300x250.jpg 300w, https:\/\/2wengenharia.com\/wp-content\/uploads\/2024\/12\/alma-verde-2w-engenharia-pic5-1024x853.jpg 1024w, https:\/\/2wengenharia.com\/wp-content\/uploads\/2024\/12\/alma-verde-2w-engenharia-pic5-768x640.jpg 768w\" sizes=\"(max-width: 1200px) 100vw, 1200px\" \/><\/a>\n\t\t\t<\/div><\/figure><figure class='gallery-item'>\n\t\t\t<div class='gallery-icon landscape'>\n\t\t\t\t<a data-elementor-open-lightbox=\"yes\" data-elementor-lightbox-slideshow=\"55f403e5\" data-elementor-lightbox-title=\"alma-verde-2w-engenharia-pic1\" data-e-action-hash=\"#elementor-action%3Aaction%3Dlightbox%26settings%3DeyJpZCI6MjA5MCwidXJsIjoiaHR0cHM6XC9cLzJ3ZW5nZW5oYXJpYS5jb21cL3dwLWNvbnRlbnRcL3VwbG9hZHNcLzIwMjRcLzEyXC9hbG1hLXZlcmRlLTJ3LWVuZ2VuaGFyaWEtcGljMS5qcGciLCJzbGlkZXNob3ciOiI1NWY0MDNlNSJ9\" href='https:\/\/2wengenharia.com\/wp-content\/uploads\/2024\/12\/alma-verde-2w-engenharia-pic1.jpg'><img loading=\"lazy\" decoding=\"async\" width=\"1200\" height=\"1000\" src=\"https:\/\/2wengenharia.com\/wp-content\/uploads\/2024\/12\/alma-verde-2w-engenharia-pic1.jpg\" class=\"attachment-full size-full\" alt=\"\" srcset=\"https:\/\/2wengenharia.com\/wp-content\/uploads\/2024\/12\/alma-verde-2w-engenharia-pic1.jpg 1200w, https:\/\/2wengenharia.com\/wp-content\/uploads\/2024\/12\/alma-verde-2w-engenharia-pic1-300x250.jpg 300w, https:\/\/2wengenharia.com\/wp-content\/uploads\/2024\/12\/alma-verde-2w-engenharia-pic1-1024x853.jpg 1024w, https:\/\/2wengenharia.com\/wp-content\/uploads\/2024\/12\/alma-verde-2w-engenharia-pic1-768x640.jpg 768w\" sizes=\"(max-width: 1200px) 100vw, 1200px\" \/><\/a>\n\t\t\t<\/div><\/figure><figure class='gallery-item'>\n\t\t\t<div class='gallery-icon landscape'>\n\t\t\t\t<a data-elementor-open-lightbox=\"yes\" data-elementor-lightbox-slideshow=\"55f403e5\" data-elementor-lightbox-title=\"alma-verde-2w-engenharia-pic6\" data-e-action-hash=\"#elementor-action%3Aaction%3Dlightbox%26settings%3DeyJpZCI6MjEwNSwidXJsIjoiaHR0cHM6XC9cLzJ3ZW5nZW5oYXJpYS5jb21cL3dwLWNvbnRlbnRcL3VwbG9hZHNcLzIwMjRcLzEyXC9hbG1hLXZlcmRlLTJ3LWVuZ2VuaGFyaWEtcGljNi5qcGciLCJzbGlkZXNob3ciOiI1NWY0MDNlNSJ9\" href='https:\/\/2wengenharia.com\/wp-content\/uploads\/2024\/12\/alma-verde-2w-engenharia-pic6.jpg'><img loading=\"lazy\" decoding=\"async\" width=\"1200\" height=\"1000\" src=\"https:\/\/2wengenharia.com\/wp-content\/uploads\/2024\/12\/alma-verde-2w-engenharia-pic6.jpg\" class=\"attachment-full size-full\" alt=\"\" srcset=\"https:\/\/2wengenharia.com\/wp-content\/uploads\/2024\/12\/alma-verde-2w-engenharia-pic6.jpg 1200w, https:\/\/2wengenharia.com\/wp-content\/uploads\/2024\/12\/alma-verde-2w-engenharia-pic6-300x250.jpg 300w, https:\/\/2wengenharia.com\/wp-content\/uploads\/2024\/12\/alma-verde-2w-engenharia-pic6-1024x853.jpg 1024w, https:\/\/2wengenharia.com\/wp-content\/uploads\/2024\/12\/alma-verde-2w-engenharia-pic6-768x640.jpg 768w\" sizes=\"(max-width: 1200px) 100vw, 1200px\" \/><\/a>\n\t\t\t<\/div><\/figure><figure class='gallery-item'>\n\t\t\t<div class='gallery-icon landscape'>\n\t\t\t\t<a data-elementor-open-lightbox=\"yes\" data-elementor-lightbox-slideshow=\"55f403e5\" data-elementor-lightbox-title=\"alma-verde-2w-engenharia-pic7\" data-e-action-hash=\"#elementor-action%3Aaction%3Dlightbox%26settings%3DeyJpZCI6MjEwOCwidXJsIjoiaHR0cHM6XC9cLzJ3ZW5nZW5oYXJpYS5jb21cL3dwLWNvbnRlbnRcL3VwbG9hZHNcLzIwMjRcLzEyXC9hbG1hLXZlcmRlLTJ3LWVuZ2VuaGFyaWEtcGljNy5qcGciLCJzbGlkZXNob3ciOiI1NWY0MDNlNSJ9\" href='https:\/\/2wengenharia.com\/wp-content\/uploads\/2024\/12\/alma-verde-2w-engenharia-pic7.jpg'><img loading=\"lazy\" decoding=\"async\" width=\"1200\" height=\"1000\" src=\"https:\/\/2wengenharia.com\/wp-content\/uploads\/2024\/12\/alma-verde-2w-engenharia-pic7.jpg\" class=\"attachment-full size-full\" alt=\"\" srcset=\"https:\/\/2wengenharia.com\/wp-content\/uploads\/2024\/12\/alma-verde-2w-engenharia-pic7.jpg 1200w, https:\/\/2wengenharia.com\/wp-content\/uploads\/2024\/12\/alma-verde-2w-engenharia-pic7-300x250.jpg 300w, https:\/\/2wengenharia.com\/wp-content\/uploads\/2024\/12\/alma-verde-2w-engenharia-pic7-1024x853.jpg 1024w, https:\/\/2wengenharia.com\/wp-content\/uploads\/2024\/12\/alma-verde-2w-engenharia-pic7-768x640.jpg 768w\" sizes=\"(max-width: 1200px) 100vw, 1200px\" \/><\/a>\n\t\t\t<\/div><\/figure><figure class='gallery-item'>\n\t\t\t<div class='gallery-icon landscape'>\n\t\t\t\t<a data-elementor-open-lightbox=\"yes\" data-elementor-lightbox-slideshow=\"55f403e5\" data-elementor-lightbox-title=\"alma-verde-2w-engenharia-pic11\" data-e-action-hash=\"#elementor-action%3Aaction%3Dlightbox%26settings%3DeyJpZCI6MjEyMCwidXJsIjoiaHR0cHM6XC9cLzJ3ZW5nZW5oYXJpYS5jb21cL3dwLWNvbnRlbnRcL3VwbG9hZHNcLzIwMjRcLzEyXC9hbG1hLXZlcmRlLTJ3LWVuZ2VuaGFyaWEtcGljMTEuanBnIiwic2xpZGVzaG93IjoiNTVmNDAzZTUifQ%3D%3D\" href='https:\/\/2wengenharia.com\/wp-content\/uploads\/2024\/12\/alma-verde-2w-engenharia-pic11.jpg'><img loading=\"lazy\" decoding=\"async\" width=\"1200\" height=\"1000\" src=\"https:\/\/2wengenharia.com\/wp-content\/uploads\/2024\/12\/alma-verde-2w-engenharia-pic11.jpg\" class=\"attachment-full size-full\" alt=\"\" srcset=\"https:\/\/2wengenharia.com\/wp-content\/uploads\/2024\/12\/alma-verde-2w-engenharia-pic11.jpg 1200w, https:\/\/2wengenharia.com\/wp-content\/uploads\/2024\/12\/alma-verde-2w-engenharia-pic11-300x250.jpg 300w, https:\/\/2wengenharia.com\/wp-content\/uploads\/2024\/12\/alma-verde-2w-engenharia-pic11-1024x853.jpg 1024w, https:\/\/2wengenharia.com\/wp-content\/uploads\/2024\/12\/alma-verde-2w-engenharia-pic11-768x640.jpg 768w\" sizes=\"(max-width: 1200px) 100vw, 1200px\" \/><\/a>\n\t\t\t<\/div><\/figure><figure class='gallery-item'>\n\t\t\t<div class='gallery-icon landscape'>\n\t\t\t\t<a data-elementor-open-lightbox=\"yes\" data-elementor-lightbox-slideshow=\"55f403e5\" data-elementor-lightbox-title=\"alma-verde-2w-engenharia-pic8\" data-e-action-hash=\"#elementor-action%3Aaction%3Dlightbox%26settings%3DeyJpZCI6MjExMSwidXJsIjoiaHR0cHM6XC9cLzJ3ZW5nZW5oYXJpYS5jb21cL3dwLWNvbnRlbnRcL3VwbG9hZHNcLzIwMjRcLzEyXC9hbG1hLXZlcmRlLTJ3LWVuZ2VuaGFyaWEtcGljOC5qcGciLCJzbGlkZXNob3ciOiI1NWY0MDNlNSJ9\" href='https:\/\/2wengenharia.com\/wp-content\/uploads\/2024\/12\/alma-verde-2w-engenharia-pic8.jpg'><img loading=\"lazy\" decoding=\"async\" width=\"1200\" height=\"1000\" src=\"https:\/\/2wengenharia.com\/wp-content\/uploads\/2024\/12\/alma-verde-2w-engenharia-pic8.jpg\" class=\"attachment-full size-full\" alt=\"\" srcset=\"https:\/\/2wengenharia.com\/wp-content\/uploads\/2024\/12\/alma-verde-2w-engenharia-pic8.jpg 1200w, https:\/\/2wengenharia.com\/wp-content\/uploads\/2024\/12\/alma-verde-2w-engenharia-pic8-300x250.jpg 300w, https:\/\/2wengenharia.com\/wp-content\/uploads\/2024\/12\/alma-verde-2w-engenharia-pic8-1024x853.jpg 1024w, https:\/\/2wengenharia.com\/wp-content\/uploads\/2024\/12\/alma-verde-2w-engenharia-pic8-768x640.jpg 768w\" sizes=\"(max-width: 1200px) 100vw, 1200px\" \/><\/a>\n\t\t\t<\/div><\/figure><figure class='gallery-item'>\n\t\t\t<div class='gallery-icon landscape'>\n\t\t\t\t<a data-elementor-open-lightbox=\"yes\" data-elementor-lightbox-slideshow=\"55f403e5\" data-elementor-lightbox-title=\"alma-verde-2w-engenharia-pic9\" data-e-action-hash=\"#elementor-action%3Aaction%3Dlightbox%26settings%3DeyJpZCI6MjExNCwidXJsIjoiaHR0cHM6XC9cLzJ3ZW5nZW5oYXJpYS5jb21cL3dwLWNvbnRlbnRcL3VwbG9hZHNcLzIwMjRcLzEyXC9hbG1hLXZlcmRlLTJ3LWVuZ2VuaGFyaWEtcGljOS5qcGciLCJzbGlkZXNob3ciOiI1NWY0MDNlNSJ9\" href='https:\/\/2wengenharia.com\/wp-content\/uploads\/2024\/12\/alma-verde-2w-engenharia-pic9.jpg'><img loading=\"lazy\" decoding=\"async\" width=\"1200\" height=\"1000\" src=\"https:\/\/2wengenharia.com\/wp-content\/uploads\/2024\/12\/alma-verde-2w-engenharia-pic9.jpg\" class=\"attachment-full size-full\" alt=\"\" srcset=\"https:\/\/2wengenharia.com\/wp-content\/uploads\/2024\/12\/alma-verde-2w-engenharia-pic9.jpg 1200w, https:\/\/2wengenharia.com\/wp-content\/uploads\/2024\/12\/alma-verde-2w-engenharia-pic9-300x250.jpg 300w, https:\/\/2wengenharia.com\/wp-content\/uploads\/2024\/12\/alma-verde-2w-engenharia-pic9-1024x853.jpg 1024w, https:\/\/2wengenharia.com\/wp-content\/uploads\/2024\/12\/alma-verde-2w-engenharia-pic9-768x640.jpg 768w\" sizes=\"(max-width: 1200px) 100vw, 1200px\" \/><\/a>\n\t\t\t<\/div><\/figure><figure class='gallery-item'>\n\t\t\t<div class='gallery-icon landscape'>\n\t\t\t\t<a data-elementor-open-lightbox=\"yes\" data-elementor-lightbox-slideshow=\"55f403e5\" data-elementor-lightbox-title=\"alma-verde-2w-engenharia-pic10\" data-e-action-hash=\"#elementor-action%3Aaction%3Dlightbox%26settings%3DeyJpZCI6MjExNywidXJsIjoiaHR0cHM6XC9cLzJ3ZW5nZW5oYXJpYS5jb21cL3dwLWNvbnRlbnRcL3VwbG9hZHNcLzIwMjRcLzEyXC9hbG1hLXZlcmRlLTJ3LWVuZ2VuaGFyaWEtcGljMTAuanBnIiwic2xpZGVzaG93IjoiNTVmNDAzZTUifQ%3D%3D\" href='https:\/\/2wengenharia.com\/wp-content\/uploads\/2024\/12\/alma-verde-2w-engenharia-pic10.jpg'><img loading=\"lazy\" decoding=\"async\" width=\"1200\" height=\"1000\" src=\"https:\/\/2wengenharia.com\/wp-content\/uploads\/2024\/12\/alma-verde-2w-engenharia-pic10.jpg\" class=\"attachment-full size-full\" alt=\"\" srcset=\"https:\/\/2wengenharia.com\/wp-content\/uploads\/2024\/12\/alma-verde-2w-engenharia-pic10.jpg 1200w, https:\/\/2wengenharia.com\/wp-content\/uploads\/2024\/12\/alma-verde-2w-engenharia-pic10-300x250.jpg 300w, https:\/\/2wengenharia.com\/wp-content\/uploads\/2024\/12\/alma-verde-2w-engenharia-pic10-1024x853.jpg 1024w, https:\/\/2wengenharia.com\/wp-content\/uploads\/2024\/12\/alma-verde-2w-engenharia-pic10-768x640.jpg 768w\" sizes=\"(max-width: 1200px) 100vw, 1200px\" \/><\/a>\n\t\t\t<\/div><\/figure>\n\t\t<\/div>\n\t\t<\/div>\n\t\t\t\t\t\t<\/div>\n\t\t\t\t<\/div>\n\t\t\t\t\t<\/div>\n\t\t<\/div>\n\t\t\t\t\t<\/div>\n\t\t<\/section>\n\t\t\t\t<\/div>","protected":false},"excerpt":{"rendered":"<p>Alma Verde 104 Em execu\u00e7\u00e3o Cliente: Projeto: Local: Vincent Mendiburu Obra Nova Lagos 0 m2 \u00c1rea Total 0 m2 \u00c1rea Constru\u00edda 0 m2 \u00c1rea Total do Terreno<\/p>","protected":false},"author":1,"featured_media":0,"parent":304,"menu_order":0,"comment_status":"closed","ping_status":"closed","template":"elementor_header_footer","meta":{"footnotes":""},"class_list":["post-2088","page","type-page","status-publish","hentry"],"_links":{"self":[{"href":"https:\/\/2wengenharia.com\/en\/wp-json\/wp\/v2\/pages\/2088","targetHints":{"allow":["GET"]}}],"collection":[{"href":"https:\/\/2wengenharia.com\/en\/wp-json\/wp\/v2\/pages"}],"about":[{"href":"https:\/\/2wengenharia.com\/en\/wp-json\/wp\/v2\/types\/page"}],"author":[{"embeddable":true,"href":"https:\/\/2wengenharia.com\/en\/wp-json\/wp\/v2\/users\/1"}],"replies":[{"embeddable":true,"href":"https:\/\/2wengenharia.com\/en\/wp-json\/wp\/v2\/comments?post=2088"}],"version-history":[{"count":4,"href":"https:\/\/2wengenharia.com\/en\/wp-json\/wp\/v2\/pages\/2088\/revisions"}],"predecessor-version":[{"id":2125,"href":"https:\/\/2wengenharia.com\/en\/wp-json\/wp\/v2\/pages\/2088\/revisions\/2125"}],"up":[{"embeddable":true,"href":"https:\/\/2wengenharia.com\/en\/wp-json\/wp\/v2\/pages\/304"}],"wp:attachment":[{"href":"https:\/\/2wengenharia.com\/en\/wp-json\/wp\/v2\/media?parent=2088"}],"curies":[{"name":"wp","href":"https:\/\/api.w.org\/{rel}","templated":true}]}}