{"id":478,"date":"2023-02-23T13:51:25","date_gmt":"2023-02-23T13:51:25","guid":{"rendered":"https:\/\/2wengenharia.com\/?page_id=478"},"modified":"2023-03-27T15:58:55","modified_gmt":"2023-03-27T15:58:55","slug":"politica-de-privacidade","status":"publish","type":"page","link":"https:\/\/2wengenharia.com\/en\/politica-de-privacidade\/","title":{"rendered":"Privacy Policy"},"content":{"rendered":"<div data-elementor-type=\"wp-page\" data-elementor-id=\"478\" class=\"elementor elementor-478\">\n\t\t\t\t\t\t<section class=\"elementor-section elementor-top-section elementor-element elementor-element-3626e375 elementor-section-boxed elementor-section-height-default elementor-section-height-default\" data-id=\"3626e375\" data-element_type=\"section\" data-settings=\"{&quot;background_background&quot;:&quot;classic&quot;}\">\n\t\t\t\t\t\t\t<div class=\"elementor-background-overlay\"><\/div>\n\t\t\t\t\t\t\t<div class=\"elementor-container elementor-column-gap-default\">\n\t\t\t\t\t<div class=\"elementor-column elementor-col-100 elementor-top-column elementor-element elementor-element-72950e16\" data-id=\"72950e16\" data-element_type=\"column\">\n\t\t\t<div class=\"elementor-widget-wrap elementor-element-populated\">\n\t\t\t\t\t\t<div class=\"elementor-element elementor-element-7637828b elementor-widget elementor-widget-heading\" data-id=\"7637828b\" data-element_type=\"widget\" data-widget_type=\"heading.default\">\n\t\t\t\t<div class=\"elementor-widget-container\">\n\t\t\t\t\t<h2 class=\"elementor-heading-title elementor-size-default\">Privacy Policy<\/h2>\t\t\t\t<\/div>\n\t\t\t\t<\/div>\n\t\t\t\t\t<\/div>\n\t\t<\/div>\n\t\t\t\t\t<\/div>\n\t\t<\/section>\n\t\t\t\t<section class=\"elementor-section elementor-top-section elementor-element elementor-element-2c1737f2 elementor-section-boxed elementor-section-height-default elementor-section-height-default\" data-id=\"2c1737f2\" data-element_type=\"section\">\n\t\t\t\t\t\t<div class=\"elementor-container elementor-column-gap-default\">\n\t\t\t\t\t<div class=\"elementor-column elementor-col-100 elementor-top-column elementor-element elementor-element-2f182cbb\" data-id=\"2f182cbb\" data-element_type=\"column\">\n\t\t\t<div class=\"elementor-widget-wrap elementor-element-populated\">\n\t\t\t\t\t\t<section class=\"elementor-section elementor-inner-section elementor-element elementor-element-197d54c2 elementor-section-boxed elementor-section-height-default elementor-section-height-default\" data-id=\"197d54c2\" data-element_type=\"section\">\n\t\t\t\t\t\t<div class=\"elementor-container elementor-column-gap-no\">\n\t\t\t\t\t<div class=\"elementor-column elementor-col-100 elementor-inner-column elementor-element elementor-element-1595e7b6\" data-id=\"1595e7b6\" data-element_type=\"column\">\n\t\t\t<div class=\"elementor-widget-wrap elementor-element-populated\">\n\t\t\t\t\t\t<div class=\"elementor-element elementor-element-8fb4331 elementor-widget elementor-widget-text-editor\" data-id=\"8fb4331\" data-element_type=\"widget\" data-widget_type=\"text-editor.default\">\n\t\t\t\t<div class=\"elementor-widget-container\">\n\t\t\t\t\t\t\t\t\t<p>2W ENGENHARIA, com sede Pra\u00e7a do Munic\u00edpio Loja 32, 8600-293 Lagos, \u00e9 detentora do presente website. A utiliza\u00e7\u00e3o do www.2wengenharia.com reconhece os termos e condi\u00e7\u00f5es gerais abaixo enumerados e descritos. A sua aceita\u00e7\u00e3o \u00e9 absolutamente indispens\u00e1vel \u00e0 utiliza\u00e7\u00e3o dos servi\u00e7os e informa\u00e7\u00f5es aqui prestados. Caso n\u00e3o concorde com os mesmos, dever\u00e1 cessar imediatamente a utiliza\u00e7\u00e3o deste Website.\u00a0<a href=\"https:\/\/2wengenharia.com\/en\/\" target=\"_blank\" rel=\"noopener\">www.2wengenharia.com<\/a>\u00a0\u00a0\u00e9 um servi\u00e7o online com o objetivo de distribuir informa\u00e7\u00e3o sobre servi\u00e7os de constru\u00e7\u00e3o de im\u00f3veis e reabilita\u00e7\u00f5es. A 2W ENGENHARIA reserva-se o direito de, a qualquer momento, sem necessidade de aviso pr\u00e9vio e com efeitos imediatos, alterar, adicionar, atualizar, eliminar, parcial ou totalmente, os presentes Termos e Condi\u00e7\u00f5es de Utiliza\u00e7\u00e3o e Pol\u00edtica de Privacidade. Garantindo, em qualquer circunstancia, a qualidade, seguran\u00e7a, legalidade, veracidade e exatid\u00e3o das informa\u00e7\u00f5es dos respetivos im\u00f3veis e ofertas no website publicados. O utilizador deve consultar periodicamente a p\u00e1gina destes Termos e condi\u00e7\u00f5es de utiliza\u00e7\u00e3o e Pol\u00edtica de Privacidade para confirmar se foram efetuadas quaisquer atualiza\u00e7\u00f5es ou altera\u00e7\u00f5es. Caso n\u00e3o concorde com alguma destas n\u00e3o deve utilizar o presente Website.<\/p><h2 class=\"title\">Utiliza\u00e7\u00e3o do Website<\/h2><p>Os Utilizadores que visitam o Website podem aceder e ler todo o conte\u00fado contido no mesmo, sem necessidade de registar dados ou informa\u00e7\u00f5es pessoais. No entanto, apenas os utilizadores registados ou com a submiss\u00e3o de formul\u00e1rios preenchidos para marca\u00e7\u00e3o de visitas ou pedidos de contactos comerciais ser\u00e3o contactados e informados sobre os im\u00f3veis e servi\u00e7os dispon\u00edveis atrav\u00e9s do endere\u00e7o eletr\u00f3nico ou telefone previamente submetidos em formul\u00e1rios pr\u00f3prios. Receber\u00e3o atualiza\u00e7\u00f5es e informa\u00e7\u00f5es sobre os servi\u00e7os e im\u00f3veis dispon\u00edveis na 2W ENGENHARIA, no caso de terem previamente aceite no respetivo registo ou formul\u00e1rio submetido, comunica\u00e7\u00e3o para esse efeito.\u00a0<b>Este Website, ou qualquer um dos nossos servi\u00e7os, n\u00e3o dever\u00e1 ser utilizado:<\/b><\/p><ul><li>Por qualquer raz\u00e3o ou finalidade que seja ilegal, difamat\u00f3ria, ofensiva, prejudicial, abusiva, invasiva da privacidade de outrem ou censur\u00e1vel;<\/li><li>De forma que possa prejudicar ou interromper este Website ou qualquer um dos nossos servi\u00e7os, ou a utiliza\u00e7\u00e3o pac\u00edfica por parte de outros utilizadores;<\/li><li>Para transmitir v\u00edrus ou outra codifica\u00e7\u00e3o maliciosa que possam danificar ou perturbar equipamento ou sistema inform\u00e1tico (hardware ou software) ou equipamento de telecomunica\u00e7\u00f5es;<\/li><li>De forma que possa ofender outrem ou prejudicar a 2W ENGENHARIA, designadamente, enviar ou disponibilizar qualquer conte\u00fado ilegal, falso, enganoso, amea\u00e7ador, maldoso, abusivo, difamat\u00f3rio, injurioso, invasivo da privacidade, prejudicial ou ainda que possa afetar negativamente a imagem ou atividade da 2W ENGENHARIA;<\/li><li>Para promover qualquer tipo de atividade comercial, ou enviar ou disponibilizar informa\u00e7\u00e3o ou conte\u00fados que pertencem a terceiros e que n\u00e3o tem o direito de utilizar, como, por exemplo, conte\u00fados protegidos por direitos de autor de terceiros ou conte\u00fados que contenham dados pessoais de terceiros.<\/li><\/ul><p>Em geral, o Utilizador deve utilizar o Website de forma respons\u00e1vel, prudente e cuidadosa, n\u00e3o devendo perturbar ou danificar a continuidade ou integridade do mesmo. A 2W ENGENHARIA n\u00e3o \u00e9 respons\u00e1vel por quaisquer danos diretos, indiretos e ou negligentes decorrente do uso da informa\u00e7\u00e3o contida neste Website ou do pr\u00f3prio Website bem como da conduta prejudicial ou perturbadora do Utilizador.<\/p><h2 class=\"title\">Informa\u00e7\u00f5es e conte\u00fados deste website<\/h2><p>Todos os conte\u00fados e informa\u00e7\u00f5es publicados no presente website s\u00e3o da responsabilidade da 2W ENGENHARIA que zela pela veracidade e transpar\u00eancia dos mesmos. Esfor\u00e7ando-se para oferecer informa\u00e7\u00f5es \u00fateis, atualizadas e ajustadas \u00e0 realidade. No entanto, a mesma pode n\u00e3o estar correta ou completamente atualizada. Neste sentido, n\u00e3o nos podemos responsabilizar por quaisquer a\u00e7\u00f5es tomadas como resultado de ou com base nas informa\u00e7\u00f5es contidas ou fornecidas por este Website, seja numa a\u00e7\u00e3o de contrato, neglig\u00eancia ou outra a\u00e7\u00e3o il\u00edcita. Atrav\u00e9s do email\u00a0<a href=\"mailto:pedropinto@2wengenharia.com\">pedropinto@2wengenharia.com<\/a>\u00a0poder\u00e1 sempre enviar as suas sugest\u00f5es ou erratas. A 2W ENGENHARIA est\u00e1 reservado o direito de mover, alterar, excluir o Website, ou conte\u00fado do mesmo (incluindo o conte\u00fado de utilizadores registados, se o caso), a qualquer momento e por qualquer motivo. Deve, portanto, manter uma c\u00f3pia de qualquer conte\u00fado que enviar para o Website, que deseje manter. Depois de ter carregado o conte\u00fado, pode optar por excluir o conte\u00fado a qualquer momento. Caso deseje reportar as suas preocupa\u00e7\u00f5es relativas a qualquer conte\u00fado dispon\u00edvel neste site, por favor, envie um e-mail diretamente para\u00a0<a href=\"mailto:pedropinto@2wengenharia.com\">pedropinto@2wengenharia.com<\/a>.<\/p><h2 class=\"title\">Registo de dados<\/h2><p>\u00c9 permitido o registo de dados de todos os utilizadores interessados em receber informa\u00e7\u00f5es ou marcar uma visita sobre determinado im\u00f3vel ou servi\u00e7o aqui anunciado e publicado. O registo ou preenchimento de formul\u00e1rios s\u00e3o gratuitos. Para se registar como utilizador interessado em determinada oferta, im\u00f3vel ou servi\u00e7o deve preencher o formul\u00e1rio e selecionar o pretendido: marca\u00e7\u00e3o de visita ou pedido de informa\u00e7\u00e3o. Os dados pessoais de cada utilizador ser\u00e3o mantidos enquanto a subscri\u00e7\u00e3o e\/ou pedidos do utilizador estiverem ativos, com o objetivo de melhorar os servi\u00e7os oferecidos, pelo que ap\u00f3s a sua caducidade ser\u00e3o despersonalizados e n\u00e3o identific\u00e1veis. \u00c9-lhe permitido questionar os dados e poder\u00e1 solicitar a elimina\u00e7\u00e3o dos dados, retifica\u00e7\u00e3o, atualiza\u00e7\u00e3o ou completar os mesmos. Estes pedidos devem ser encaminhados para\u00a0<a href=\"mailto:pedropinto@2wengenharia.com\">pedropinto@2wengenharia.com<\/a>. Sugerimos a consulta da Pol\u00edtica de Privacidade do presente Website.<\/p><h2 class=\"title\">Utiliza\u00e7\u00e3o de Hyperlinks<\/h2><p>O conte\u00fado deste Website pode incluir Hyperlinks (hiperliga\u00e7\u00f5es) para outros Sites que n\u00e3o s\u00e3o operados pela 2W ENGENHARIA. A 2W ENGENHARIA n\u00e3o \u00e9 respons\u00e1vel pelo conte\u00fado de qualquer outro Website, incluindo aqueles que d\u00eaem acesso ao presente ou cujo acesso tenha sido conseguido atrav\u00e9s do nosso Website. A 2W ENGENHARIA n\u00e3o endossa quaisquer Sites vinculados ou os produtos\/servi\u00e7os que s\u00e3o fornecidos nesses Sites. Os conte\u00fados nos sites vinculados podem mudar ao longo do tempo. Recomenda-se a verifica\u00e7\u00e3o dos termos e pol\u00edticas dos Sites vinculados. Ao fornecer neste Website um hyperlink para um Website externo, a 2W ENGENHARIA f\u00e1-lo na boa-f\u00e9 de que este contenha ou possa conter informa\u00e7\u00f5es relevantes adicionais \u00e0s apresentadas no seu pr\u00f3prio Website. A exist\u00eancia desse hyperlink n\u00e3o implica nem pressup\u00f5e a sua revis\u00e3o e aprova\u00e7\u00e3o por parte da 2W ENGENHARIA \u2013 em determinadas inst\u00e2ncias, um hyperlink poder\u00e1 lev\u00e1-lo a aceder a um Website que apresente informa\u00e7\u00e3o contradit\u00f3ria \u00e0 apresentada no nosso Website ou a outro pertencente \u00e0 2W ENGENHARIA ou \u00e0s suas subsidi\u00e1rias.<\/p><h2 class=\"title\">A Nossa Responsabilidade e Contactos<\/h2><p>A 2W ENGENHARIA n\u00e3o \u00e9 respons\u00e1vel, por perdas ou danos diretos, indiretos ou espec\u00edficos ou quaisquer outras consequ\u00eancias provenientes do acesso ou utiliza\u00e7\u00e3o deste Website, nem de qualquer informa\u00e7\u00e3o no mesmo contida. N\u00e3o obstante, estamos dispon\u00edveis para discutir com o utilizador as implica\u00e7\u00f5es de qualquer quest\u00e3o que venha a surgir, devendo contactar-nos atrav\u00e9s do nosso site em www.2wengenharia.com (contactos), atrav\u00e9s da morada Pra\u00e7a do Munic\u00edpio Loja 32 8600-293 Lagos, do nosso telefone\u00a0<a href=\"tel: 351282148333\"><span class=\"elementor-icon-list-text\">+351 282\u00a0148\u00a0333<\/span><\/a>, ou atrav\u00e9s do endere\u00e7o de email\u00a0<a href=\"mailto:pedropinto@2wengenharia.com\">pedropinto@2wengenharia.com<\/a>. Ao aceder \u00e0 nossa \u00e1rea de contacto, o utilizador estar\u00e1 a aceitar que a informa\u00e7\u00e3o que nos presta, atrav\u00e9s desse contacto, passar\u00e1 a ser detida pela 2W ENGENHARIA, que a poder\u00e1 utilizar nos termos que entender mais adequados, n\u00e3o havendo lugar, em situa\u00e7\u00e3o alguma, a qualquer direito ou pagamento a seu favor por essa utiliza\u00e7\u00e3o. At\u00e9 ao limite m\u00e1ximo permitido por lei, todas as garantias, expl\u00edcitas ou impl\u00edcitas, encargos ou avais, representa\u00e7\u00f5es e outros termos e condi\u00e7\u00f5es de qualquer tipo relacionada com este Website ou mat\u00e9ria n\u00e3o contida nestes Termos e Condi\u00e7\u00f5es est\u00e3o expressamente exclu\u00eddas. Nada nestes Termos de Utiliza\u00e7\u00e3o exclui, restringe ou modifica qualquer direito ou recurso, ou quaisquer garantias, ou outro termo ou condi\u00e7\u00e3o, impl\u00edcita ou impostas por qualquer legisla\u00e7\u00e3o que n\u00e3o possam ser legalmente exclu\u00eddas ou limitadas. Isso pode incluir a legisla\u00e7\u00e3o referente aos direitos do Consumidor, em territ\u00f3rio Portugu\u00eas, que cont\u00e9m garantias que protegem os Consumidores de bens e servi\u00e7os em determinadas circunst\u00e2ncias. A responsabilidade de uma parte para com outra parte \u00e9 reduzida na medida em que os atos ou omiss\u00f5es da outra parte, ou aqueles de uma terceira parte, contribuem para ou causam tal responsabilidade. Apesar de desenvolvermos as correspondentes a\u00e7\u00f5es para manter este Website livre de v\u00edrus inform\u00e1ticos ou outra codifica\u00e7\u00e3o danosa, n\u00e3o podemos garantir que este seja o caso. Dever\u00e1, portanto, utilizar um software de seguran\u00e7a, atualizado a todo o tempo, para proteger o seu computador de tais softwares maliciosos. Apesar de desenvolvermos todos os esfor\u00e7os comerciais razo\u00e1veis para manter este Website dispon\u00edvel, n\u00e3o garantimos que o mesmo esteja acess\u00edvel ou dispon\u00edvel numa base temporal constante ou que o acesso n\u00e3o seja interrompido ou isento de erros. A 2W ENGENHARIA \u00e9 a entidade respons\u00e1vel pela recolha e tratamento de dados pessoais. Respeita a privacidade de todos os utilizadores e compromete-se em proteger todas as informa\u00e7\u00f5es submetidas por cada utilizador em conformidade com a legisla\u00e7\u00e3o nacional e comunit\u00e1ria em vigor. Todos os utilizadores podem navegar neste website sem a obrigatoriedade de efetuar ou submeter qualquer registo de dados. Quando submete os seus dados, caso pretenda receber novidades, campanhas ou outros associados a im\u00f3veis ou aos nossos servi\u00e7os al\u00e9m das comunica\u00e7\u00f5es comerciais por si solicitadas pedimos que concorde com o envio da mesma. O fornecimento de dados pessoais apenas \u00e9 necess\u00e1rio no caso de pretender efetuar uma marca\u00e7\u00e3o de visita, um pedido de informa\u00e7\u00f5es ou pedido de contacto e ser\u00e1 sempre garantido, nos termos da lei, o direito de acesso, retifica\u00e7\u00e3o e anula\u00e7\u00e3o de qualquer dado fornecido, podendo aquele direito ser exercido por escrito, a qualquer momento, atrav\u00e9s do email\u00a0<a href=\"mailto:pedropinto@2wengenharia.com\">pedropinto@2wengenharia.com<\/a>\u00a0ou clicando no link de cessa\u00e7\u00e3o da subscri\u00e7\u00e3o, na parte inferior do e-mail.<\/p><h2 class=\"title\">Registo de dados<\/h2><p>Recolhemos informa\u00e7\u00e3o pessoal, via o preenchimento volunt\u00e1rio dos devidos formul\u00e1rios dispostos para marca\u00e7\u00e3o de visitas, pedidos de informa\u00e7\u00f5es sobre im\u00f3veis ou servi\u00e7os e pedidos de contacto. Ao contactar-nos atrav\u00e9s de e-mail, subscrever informa\u00e7\u00f5es gr\u00e1tis, obriga-nos \u00e0 recolha do seu endere\u00e7o de e-mail, nome e outros dados espec\u00edficos de identifica\u00e7\u00e3o pessoal, traduzidos normalmente pelo nome e n\u00famero de contacto. Ao pedir dados pessoais sens\u00edveis, assegurar-nos-emos que a sua recolha e utiliza\u00e7\u00e3o ser\u00e1 feita no rigoroso cumprimento da legisla\u00e7\u00e3o aplic\u00e1vel \u00e0 recolha e prote\u00e7\u00e3o de dados. Se pretendermos utilizar os seus dados pessoais para al\u00e9m dos fins estabelecidos inicialmente, pediremos o seu consentimento. Poder\u00e1 escolher antecipadamente dar esse consentimento aquando da recolha inicial de dados.<\/p><h2 class=\"title\">Dados recolhidos automaticamente<\/h2><p>Os dom\u00ednios e endere\u00e7os de IP dos visitantes s\u00e3o registados automaticamente. Esta informa\u00e7\u00e3o n\u00e3o identifica o utilizador, mas apenas o computador utilizado no acesso ao site. Estes dados s\u00e3o analisados a n\u00edvel global para verificar em que local do mundo \u00e9 que o site est\u00e1 a ser utilizado, de forma a assegurar a sua cobertura, permitindo que o nosso servi\u00e7o ao utilizador possa ser melhorado. Os dados pessoais de cada utilizador n\u00e3o s\u00e3o objeto de recolha e an\u00e1lise neste processo.<\/p><h2 class=\"title\">Reten\u00e7\u00e3o de dados<\/h2><p>Os dados ser\u00e3o mantidos enquanto a subscri\u00e7\u00e3o do utilizador estiver ativa, com o objetivo de melhorar os servi\u00e7os oferecidos, pelo que ap\u00f3s a sua caducidade ser\u00e3o despersonalizados e n\u00e3o identific\u00e1veis. Apenas ser\u00e3o recolhidas informa\u00e7\u00f5es adicionais acerca do utilizador para al\u00e9m das mencionadas acima para efeitos contratuais adjacentes \u00e0s atividades da 2W ENGENHARIA.<\/p><h2 class=\"title\">Acesso aos dados pessoais<\/h2><p>Para solicitar esclarecimentos acerca do acesso aos dados pessoais, ou para o esclarecimento de quest\u00f5es relacionadas com a pol\u00edtica de privacidade de dados, praticada na 2W ENGENHARIA, contacte-nos atrav\u00e9s do e-mail\u00a0<a href=\"mailto:pedropinto@2wengenharia.com\">pedropinto@2wengenharia.com.<\/a>\u00a0Fornecer-lhe-emos uma c\u00f3pia dos dados pessoais que dispomos sobre si num prazo m\u00e1ximo de 40 dias, a contar do seu pedido feito para este site; para este fim, ser-lhe-\u00e1 exigida uma prova de identifica\u00e7\u00e3o. \u00c9-lhe permitido questionar os dados e, onde apropriado, poder\u00e1: apagar os dados, retific\u00e1-los, emend\u00e1-los ou complet\u00e1-los. Reservamo-nos ao direito de recusa de fornecimento da c\u00f3pia dos dados pessoais do utilizador, obrigando-nos a apresentar uma justifica\u00e7\u00e3o para essa decis\u00e3o. O utilizador poder\u00e1 contestar a nossa decis\u00e3o de recusa de fornecimento de c\u00f3pia com os seus dados pessoais.<\/p><h2 class=\"title\">Revela\u00e7\u00e3o e escolha do visitante<\/h2><p>O utilizador poder\u00e1 cessar a subscri\u00e7\u00e3o do seu registo a qualquer momento, sendo este um processo simples. Ao disponibilizar os seus dados pessoais no in\u00edcio, fornecemos-lhe os procedimentos para o seu cancelamento, quer atrav\u00e9s de um link, quer atrav\u00e9s da disponibiliza\u00e7\u00e3o de um endere\u00e7o de e-mail\u00a0<a href=\"mailto:pedropinto@2wengenharia.com\">pedropinto@2wengenharia.com<\/a>\u00a0. Ao disponibilizarmos os dados pessoais do utilizador para prop\u00f3sitos diferentes dos indicados, oferecemos a oportunidade ao utilizador de dar a sua autoriza\u00e7\u00e3o pr\u00e9via.<\/p><h2 class=\"title\">Seguran\u00e7a<\/h2><p>Foram implementadas pol\u00edticas de seguran\u00e7a, regras e medidas t\u00e9cnicas para proteger os dados pessoais sob o nosso controlo, que est\u00e3o inteiramente de acordo com a legisla\u00e7\u00e3o de prote\u00e7\u00e3o de dados, apropriada \u00e0 jurisdi\u00e7\u00e3o aplic\u00e1vel ao site. As medidas de seguran\u00e7a est\u00e3o desenhadas para prevenir acessos n\u00e3o autorizados, utiliza\u00e7\u00f5es impr\u00f3prias, modifica\u00e7\u00f5es n\u00e3o autorizadas e destrui\u00e7\u00f5es ou perdas acidentais il\u00edcitas<\/p><h2 class=\"title\">Cumprimento\/conformidade de privacidade<\/h2><p>A nossa pol\u00edtica de privacidade est\u00e1 de acordo com a legisla\u00e7\u00e3o portuguesa aplic\u00e1vel, nomeadamente a Lei n.\u00ba 67\/98, de 26\/10. A legisla\u00e7\u00e3o de prote\u00e7\u00e3o de dados est\u00e1 sujeita a revis\u00e3o, pelo que recomendamos ao utilizador a consulta regular da nossa declara\u00e7\u00e3o de privacidade. A t\u00edtulo meramente indicativo, poder\u00e1 para este efeito consultar o site www.cnpd.pt. Este website encontra-se em conformidade com a legisla\u00e7\u00e3o nacional e comunit\u00e1ria. Os tribunais portugueses ter\u00e3o jurisdi\u00e7\u00e3o exclusiva sobre qualquer disputa proveniente da utiliza\u00e7\u00e3o deste website.<\/p><h2 class=\"title\">Hyperlinks<\/h2><p>O website da 2W ENGENHARIA poder\u00e1 fornecer links para sites externos para sua conveni\u00eancia e informa\u00e7\u00e3o. Ao aceder a esses links sair\u00e1 dos sites da 2W ENGENHARIA, pelo que, a 2W ENGENHARIA : n\u00e3o controla esses websites nem as suas pol\u00edticas de privacidade, que poder\u00e3o ser diferentes das da 2W ENGENHARIA ; n\u00e3o aprova nem representa estes sites. A Declara\u00e7\u00e3o de Privacidade da 2W ENGENHARIA n\u00e3o cobre os dados pessoais eventualmente cedidos pelo utilizador para sites externos \u00e0 2W ENGENHARIA. Recomendamos-lhe que reveja as pol\u00edticas de privacidade de qualquer companhia antes de submeter a sua informa\u00e7\u00e3o pessoal. Algumas companhias externas poder\u00e3o escolher partilhar a sua informa\u00e7\u00e3o pessoal com a 2W ENGENHARIA , pelo que esta partilha ser\u00e1 regida pela pol\u00edtica de privacidade dessa companhia.<\/p>\t\t\t\t\t\t\t\t<\/div>\n\t\t\t\t<\/div>\n\t\t\t\t\t<\/div>\n\t\t<\/div>\n\t\t\t\t\t<\/div>\n\t\t<\/section>\n\t\t\t\t\t<\/div>\n\t\t<\/div>\n\t\t\t\t\t<\/div>\n\t\t<\/section>\n\t\t\t\t<\/div>","protected":false},"excerpt":{"rendered":"<p>Pol\u00edtica de Privacidade 2W ENGENHARIA, com sede Pra\u00e7a do Munic\u00edpio Loja 32, 8600-293 Lagos, \u00e9 detentora do presente website. A utiliza\u00e7\u00e3o do www.2wengenharia.com reconhece os termos e condi\u00e7\u00f5es gerais abaixo enumerados e descritos. A sua aceita\u00e7\u00e3o \u00e9 absolutamente indispens\u00e1vel \u00e0 utiliza\u00e7\u00e3o dos servi\u00e7os e informa\u00e7\u00f5es aqui prestados. Caso n\u00e3o concorde com os mesmos, dever\u00e1 cessar [&hellip;]<\/p>","protected":false},"author":1,"featured_media":0,"parent":0,"menu_order":0,"comment_status":"closed","ping_status":"closed","template":"elementor_header_footer","meta":{"footnotes":""},"class_list":["post-478","page","type-page","status-publish","hentry"],"_links":{"self":[{"href":"https:\/\/2wengenharia.com\/en\/wp-json\/wp\/v2\/pages\/478","targetHints":{"allow":["GET"]}}],"collection":[{"href":"https:\/\/2wengenharia.com\/en\/wp-json\/wp\/v2\/pages"}],"about":[{"href":"https:\/\/2wengenharia.com\/en\/wp-json\/wp\/v2\/types\/page"}],"author":[{"embeddable":true,"href":"https:\/\/2wengenharia.com\/en\/wp-json\/wp\/v2\/users\/1"}],"replies":[{"embeddable":true,"href":"https:\/\/2wengenharia.com\/en\/wp-json\/wp\/v2\/comments?post=478"}],"version-history":[{"count":17,"href":"https:\/\/2wengenharia.com\/en\/wp-json\/wp\/v2\/pages\/478\/revisions"}],"predecessor-version":[{"id":1376,"href":"https:\/\/2wengenharia.com\/en\/wp-json\/wp\/v2\/pages\/478\/revisions\/1376"}],"wp:attachment":[{"href":"https:\/\/2wengenharia.com\/en\/wp-json\/wp\/v2\/media?parent=478"}],"curies":[{"name":"wp","href":"https:\/\/api.w.org\/{rel}","templated":true}]}}