{"id":278,"date":"2023-02-20T15:14:57","date_gmt":"2023-02-20T15:14:57","guid":{"rendered":"https:\/\/2wengenharia.com\/?page_id=278"},"modified":"2023-03-20T22:22:44","modified_gmt":"2023-03-20T22:22:44","slug":"sobre-nos","status":"publish","type":"page","link":"https:\/\/2wengenharia.com\/fr\/sobre-nos\/","title":{"rendered":"\u00c0 PROPOS DE NOUS"},"content":{"rendered":"<div data-elementor-type=\"wp-page\" data-elementor-id=\"278\" class=\"elementor elementor-278\">\n\t\t\t\t\t\t<section class=\"elementor-section elementor-top-section elementor-element elementor-element-6f6fadf3 elementor-section-boxed elementor-section-height-default elementor-section-height-default\" data-id=\"6f6fadf3\" data-element_type=\"section\" data-settings=\"{&quot;background_background&quot;:&quot;classic&quot;}\">\n\t\t\t\t\t\t\t<div class=\"elementor-background-overlay\"><\/div>\n\t\t\t\t\t\t\t<div class=\"elementor-container elementor-column-gap-default\">\n\t\t\t\t\t<div class=\"elementor-column elementor-col-100 elementor-top-column elementor-element elementor-element-58f89e45\" data-id=\"58f89e45\" data-element_type=\"column\">\n\t\t\t<div class=\"elementor-widget-wrap elementor-element-populated\">\n\t\t\t\t\t\t<div class=\"elementor-element elementor-element-19f01997 elementor-widget elementor-widget-heading\" data-id=\"19f01997\" data-element_type=\"widget\" data-widget_type=\"heading.default\">\n\t\t\t\t<div class=\"elementor-widget-container\">\n\t\t\t\t\t<h2 class=\"elementor-heading-title elementor-size-default\">\u00c0 PROPOS DE NOUS<\/h2>\t\t\t\t<\/div>\n\t\t\t\t<\/div>\n\t\t\t\t\t<\/div>\n\t\t<\/div>\n\t\t\t\t\t<\/div>\n\t\t<\/section>\n\t\t\t\t<section class=\"elementor-section elementor-top-section elementor-element elementor-element-4b01f76 elementor-section-boxed elementor-section-height-default elementor-section-height-default\" data-id=\"4b01f76\" data-element_type=\"section\">\n\t\t\t\t\t\t<div class=\"elementor-container elementor-column-gap-default\">\n\t\t\t\t\t<div class=\"elementor-column elementor-col-50 elementor-top-column elementor-element elementor-element-24f28057\" data-id=\"24f28057\" data-element_type=\"column\">\n\t\t\t<div class=\"elementor-widget-wrap elementor-element-populated\">\n\t\t\t\t\t\t<div class=\"elementor-element elementor-element-393d0753 elementor-widget elementor-widget-heading\" data-id=\"393d0753\" data-element_type=\"widget\" data-widget_type=\"heading.default\">\n\t\t\t\t<div class=\"elementor-widget-container\">\n\t\t\t\t\t<h2 class=\"elementor-heading-title elementor-size-default\">qui nous sommes<\/h2>\t\t\t\t<\/div>\n\t\t\t\t<\/div>\n\t\t\t\t<div class=\"elementor-element elementor-element-d475773 elementor-widget elementor-widget-heading\" data-id=\"d475773\" data-element_type=\"widget\" data-widget_type=\"heading.default\">\n\t\t\t\t<div class=\"elementor-widget-container\">\n\t\t\t\t\t<h2 class=\"elementor-heading-title elementor-size-default\">Nous pensons que notre maison est l'endroit o\u00f9 nous souhaitons le plus \u00eatre. <\/h2>\t\t\t\t<\/div>\n\t\t\t\t<\/div>\n\t\t\t\t<div class=\"elementor-element elementor-element-ec7c806 elementor-widget elementor-widget-text-editor\" data-id=\"ec7c806\" data-element_type=\"widget\" data-widget_type=\"text-editor.default\">\n\t\t\t\t<div class=\"elementor-widget-container\">\n\t\t\t\t\t\t\t\t\tDe ce sentiment est n\u00e9e 2W ENGENHARIA.<\/br>\nParce que nous sommes fanatiques du d\u00e9tail.<\/br>\nNous sommes obs\u00e9d\u00e9s par les d\u00e9tails.\t\t\t\t\t\t\t\t<\/div>\n\t\t\t\t<\/div>\n\t\t\t\t\t<\/div>\n\t\t<\/div>\n\t\t\t\t<div class=\"elementor-column elementor-col-50 elementor-top-column elementor-element elementor-element-5549b578\" data-id=\"5549b578\" data-element_type=\"column\">\n\t\t\t<div class=\"elementor-widget-wrap elementor-element-populated\">\n\t\t\t\t\t\t<div class=\"elementor-element elementor-element-9eb6729 elementor-widget elementor-widget-image\" data-id=\"9eb6729\" data-element_type=\"widget\" data-widget_type=\"image.default\">\n\t\t\t\t<div class=\"elementor-widget-container\">\n\t\t\t\t\t\t\t\t\t\t\t\t\t\t\t<img fetchpriority=\"high\" decoding=\"async\" width=\"800\" height=\"926\" src=\"https:\/\/2wengenharia.com\/wp-content\/uploads\/2023\/02\/home-2w-residencial-885x1024.jpg\" class=\"attachment-large size-large wp-image-247\" alt=\"\" srcset=\"https:\/\/2wengenharia.com\/wp-content\/uploads\/2023\/02\/home-2w-residencial-885x1024.jpg 885w, https:\/\/2wengenharia.com\/wp-content\/uploads\/2023\/02\/home-2w-residencial-259x300.jpg 259w, https:\/\/2wengenharia.com\/wp-content\/uploads\/2023\/02\/home-2w-residencial-768x889.jpg 768w, https:\/\/2wengenharia.com\/wp-content\/uploads\/2023\/02\/home-2w-residencial.jpg 1123w\" sizes=\"(max-width: 800px) 100vw, 800px\" \/>\t\t\t\t\t\t\t\t\t\t\t\t\t\t\t<\/div>\n\t\t\t\t<\/div>\n\t\t\t\t\t<\/div>\n\t\t<\/div>\n\t\t\t\t\t<\/div>\n\t\t<\/section>\n\t\t\t\t<section class=\"elementor-section elementor-top-section elementor-element elementor-element-2bf0c0f3 elementor-section-boxed elementor-section-height-default elementor-section-height-default\" data-id=\"2bf0c0f3\" data-element_type=\"section\">\n\t\t\t\t\t\t<div class=\"elementor-container elementor-column-gap-default\">\n\t\t\t\t\t<div class=\"elementor-column elementor-col-33 elementor-top-column elementor-element elementor-element-62289795\" data-id=\"62289795\" data-element_type=\"column\">\n\t\t\t<div class=\"elementor-widget-wrap elementor-element-populated\">\n\t\t\t\t\t\t<div class=\"elementor-element elementor-element-3b57135f jkit-equal-height-disable elementor-widget elementor-widget-jkit_icon_box\" data-id=\"3b57135f\" data-element_type=\"widget\" data-widget_type=\"jkit_icon_box.default\">\n\t\t\t\t<div class=\"elementor-widget-container\">\n\t\t\t\t\t<div  class=\"jeg-elementor-kit jkit-icon-box icon-position- elementor-animation- jeg_module___69fa7475aed44\" ><div class=\"jkit-icon-box-wrapper hover-from-left\"><div class=\"icon-box icon-box-header elementor-animation-\"><div class=\"icon style-color\"><img decoding=\"async\" width=\"551\" height=\"412\" src=\"https:\/\/2wengenharia.com\/wp-content\/uploads\/2023\/02\/Asset1-KP8VGS2.png\" class=\"attachment-full size-full\" alt=\"Constru\u00e7\u00e3o Civil\" url=\"https:\/\/2wengenharia.com\/wp-content\/uploads\/2023\/02\/Asset1-KP8VGS2.png\" srcset=\"https:\/\/2wengenharia.com\/wp-content\/uploads\/2023\/02\/Asset1-KP8VGS2.png 551w, https:\/\/2wengenharia.com\/wp-content\/uploads\/2023\/02\/Asset1-KP8VGS2-300x224.png 300w\" sizes=\"(max-width: 551px) 100vw, 551px\" \/><\/div><\/div><div class=\"icon-box icon-box-body\">\n                <h3 class=\"title\">Construction civile<\/h3><p class=\"icon-box-description\">Nous r\u00e9alisons de toutes pi\u00e8ces tous types d\u2019ouvrages priv\u00e9s. Il n'est jamais trop tard pour repartir de z\u00e9ro.<\/p>\n            <\/div>\n            \n            <\/div><\/div>\t\t\t\t<\/div>\n\t\t\t\t<\/div>\n\t\t\t\t\t<\/div>\n\t\t<\/div>\n\t\t\t\t<div class=\"elementor-column elementor-col-33 elementor-top-column elementor-element elementor-element-572efad9\" data-id=\"572efad9\" data-element_type=\"column\">\n\t\t\t<div class=\"elementor-widget-wrap elementor-element-populated\">\n\t\t\t\t\t\t<div class=\"elementor-element elementor-element-5201191c jkit-equal-height-disable elementor-widget elementor-widget-jkit_icon_box\" data-id=\"5201191c\" data-element_type=\"widget\" data-widget_type=\"jkit_icon_box.default\">\n\t\t\t\t<div class=\"elementor-widget-container\">\n\t\t\t\t\t<div  class=\"jeg-elementor-kit jkit-icon-box icon-position- elementor-animation- jeg_module__1_69fa7475af22c\" ><div class=\"jkit-icon-box-wrapper hover-from-left\"><div class=\"icon-box icon-box-header elementor-animation-\"><div class=\"icon style-color\"><img decoding=\"async\" width=\"495\" height=\"453\" src=\"https:\/\/2wengenharia.com\/wp-content\/uploads\/2023\/02\/Asset-2.png\" class=\"attachment-full size-full\" alt=\"Reabilita\u00e7\u00e3o\" url=\"https:\/\/2wengenharia.com\/wp-content\/uploads\/2023\/02\/Asset-2.png\" srcset=\"https:\/\/2wengenharia.com\/wp-content\/uploads\/2023\/02\/Asset-2.png 495w, https:\/\/2wengenharia.com\/wp-content\/uploads\/2023\/02\/Asset-2-300x275.png 300w\" sizes=\"(max-width: 495px) 100vw, 495px\" \/><\/div><\/div><div class=\"icon-box icon-box-body\">\n                <h3 class=\"title\">R\u00e9habilitation<\/h3><p class=\"icon-box-description\">Nous r\u00e9habilitons et r\u00e9novons tous types de propri\u00e9t\u00e9s. Le patrimoine m\u00e9rite d'\u00eatre pr\u00e9serv\u00e9.<\/p>\n            <\/div>\n            \n            <\/div><\/div>\t\t\t\t<\/div>\n\t\t\t\t<\/div>\n\t\t\t\t\t<\/div>\n\t\t<\/div>\n\t\t\t\t<div class=\"elementor-column elementor-col-33 elementor-top-column elementor-element elementor-element-27b61402\" data-id=\"27b61402\" data-element_type=\"column\">\n\t\t\t<div class=\"elementor-widget-wrap elementor-element-populated\">\n\t\t\t\t\t\t<div class=\"elementor-element elementor-element-3ec515d4 jkit-equal-height-disable elementor-widget elementor-widget-jkit_icon_box\" data-id=\"3ec515d4\" data-element_type=\"widget\" data-widget_type=\"jkit_icon_box.default\">\n\t\t\t\t<div class=\"elementor-widget-container\">\n\t\t\t\t\t<div  class=\"jeg-elementor-kit jkit-icon-box icon-position- elementor-animation- jeg_module__2_69fa7475af6ce\" ><div class=\"jkit-icon-box-wrapper hover-from-left\"><div class=\"icon-box icon-box-header elementor-animation-\"><div class=\"icon style-color\"><img loading=\"lazy\" decoding=\"async\" width=\"566\" height=\"400\" src=\"https:\/\/2wengenharia.com\/wp-content\/uploads\/2023\/02\/Asset-4.png\" class=\"attachment-full size-full\" alt=\"Consultoria\" url=\"https:\/\/2wengenharia.com\/wp-content\/uploads\/2023\/02\/Asset-4.png\" source=\"library\" srcset=\"https:\/\/2wengenharia.com\/wp-content\/uploads\/2023\/02\/Asset-4.png 566w, https:\/\/2wengenharia.com\/wp-content\/uploads\/2023\/02\/Asset-4-300x212.png 300w\" sizes=\"(max-width: 566px) 100vw, 566px\" \/><\/div><\/div><div class=\"icon-box icon-box-body\">\n                <h3 class=\"title\">Conseil<\/h3><p class=\"icon-box-description\">Notre exp\u00e9rience est \u00e0 partager. Le client choisit.<\/p>\n            <\/div>\n            \n            <\/div><\/div>\t\t\t\t<\/div>\n\t\t\t\t<\/div>\n\t\t\t\t\t<\/div>\n\t\t<\/div>\n\t\t\t\t\t<\/div>\n\t\t<\/section>\n\t\t\t\t<section class=\"elementor-section elementor-top-section elementor-element elementor-element-bb4c8b4 elementor-section-boxed elementor-section-height-default elementor-section-height-default\" data-id=\"bb4c8b4\" data-element_type=\"section\" data-settings=\"{&quot;background_background&quot;:&quot;classic&quot;}\">\n\t\t\t\t\t\t<div class=\"elementor-container elementor-column-gap-default\">\n\t\t\t\t\t<div class=\"elementor-column elementor-col-100 elementor-top-column elementor-element elementor-element-4502b731\" data-id=\"4502b731\" data-element_type=\"column\">\n\t\t\t<div class=\"elementor-widget-wrap elementor-element-populated\">\n\t\t\t\t\t\t<div class=\"elementor-element elementor-element-3b78a7d4 elementor-widget__width-auto elementor-widget elementor-widget-jkit_video_button\" data-id=\"3b78a7d4\" data-element_type=\"widget\" data-widget_type=\"jkit_video_button.default\">\n\t\t\t\t<div class=\"elementor-widget-container\">\n\t\t\t\t\t<div  class=\"jeg-elementor-kit jkit-video-button jeg_module__3_69fa7475b02ee\"  data-autoplay=\"0\" data-loop=\"0\" data-controls=\"1\" data-type=\"youtube\" data-mute=\"0\" data-start=\"0\" data-end=\"0\"><a href=\"https:\/\/youtube.com\/watch?v=g2tuN6Xk68Y&#038;feature=share\" class=\"jkit-video-popup-btn glow-enable\" aria-label=\"video-button\"><span class=\"icon-position-before\"><span>Play<\/span><\/span><\/a><\/div>\t\t\t\t<\/div>\n\t\t\t\t<\/div>\n\t\t\t\t\t<\/div>\n\t\t<\/div>\n\t\t\t\t\t<\/div>\n\t\t<\/section>\n\t\t\t\t<section class=\"elementor-section elementor-top-section elementor-element elementor-element-174f378b elementor-section-boxed elementor-section-height-default elementor-section-height-default\" data-id=\"174f378b\" data-element_type=\"section\" data-settings=\"{&quot;background_background&quot;:&quot;classic&quot;}\">\n\t\t\t\t\t\t<div class=\"elementor-container elementor-column-gap-default\">\n\t\t\t\t\t<div class=\"elementor-column elementor-col-100 elementor-top-column elementor-element elementor-element-459ee00\" data-id=\"459ee00\" data-element_type=\"column\">\n\t\t\t<div class=\"elementor-widget-wrap elementor-element-populated\">\n\t\t\t\t\t\t<section class=\"elementor-section elementor-inner-section elementor-element elementor-element-288e71d1 elementor-reverse-tablet elementor-reverse-mobile elementor-section-boxed elementor-section-height-default elementor-section-height-default\" data-id=\"288e71d1\" data-element_type=\"section\">\n\t\t\t\t\t\t<div class=\"elementor-container elementor-column-gap-no\">\n\t\t\t\t\t<div class=\"elementor-column elementor-col-100 elementor-inner-column elementor-element elementor-element-7b8af96c\" data-id=\"7b8af96c\" data-element_type=\"column\">\n\t\t\t<div class=\"elementor-widget-wrap elementor-element-populated\">\n\t\t\t\t\t\t<div class=\"elementor-element elementor-element-30b86bba elementor-widget elementor-widget-heading\" data-id=\"30b86bba\" data-element_type=\"widget\" data-widget_type=\"heading.default\">\n\t\t\t\t<div class=\"elementor-widget-container\">\n\t\t\t\t\t<h2 class=\"elementor-heading-title elementor-size-default\">soci\u00e9t\u00e9<\/h2>\t\t\t\t<\/div>\n\t\t\t\t<\/div>\n\t\t\t\t<div class=\"elementor-element elementor-element-1206081a elementor-widget elementor-widget-heading\" data-id=\"1206081a\" data-element_type=\"widget\" data-widget_type=\"heading.default\">\n\t\t\t\t<div class=\"elementor-widget-container\">\n\t\t\t\t\t<h2 class=\"elementor-heading-title elementor-size-default\">Qui est en charge des projets<\/h2>\t\t\t\t<\/div>\n\t\t\t\t<\/div>\n\t\t\t\t\t<\/div>\n\t\t<\/div>\n\t\t\t\t\t<\/div>\n\t\t<\/section>\n\t\t\t\t<section class=\"elementor-section elementor-inner-section elementor-element elementor-element-685f5d94 elementor-section-boxed elementor-section-height-default elementor-section-height-default\" data-id=\"685f5d94\" data-element_type=\"section\">\n\t\t\t\t\t\t<div class=\"elementor-container elementor-column-gap-no\">\n\t\t\t\t\t<div class=\"elementor-column elementor-col-50 elementor-inner-column elementor-element elementor-element-71734166\" data-id=\"71734166\" data-element_type=\"column\">\n\t\t\t<div class=\"elementor-widget-wrap elementor-element-populated\">\n\t\t\t\t\t\t<div class=\"elementor-element elementor-element-7f60d363 elementor-widget elementor-widget-e_image_hover_effects\" data-id=\"7f60d363\" data-element_type=\"widget\" data-widget_type=\"e_image_hover_effects.default\">\n\t\t\t\t<div class=\"elementor-widget-container\">\n\t\t\t\t\t\t\t\t<div class=\"eihe-box eihe-shutter-out-diag-1 eihe_\">\n\t\t\t\t<img loading=\"lazy\" decoding=\"async\" width=\"1000\" height=\"1150\" src=\"https:\/\/2wengenharia.com\/wp-content\/uploads\/2023\/03\/cristovao-catarino-pinto-nova.jpg\" class=\"attachment-full size-full wp-image-1109\" alt=\"\" srcset=\"https:\/\/2wengenharia.com\/wp-content\/uploads\/2023\/03\/cristovao-catarino-pinto-nova.jpg 1000w, https:\/\/2wengenharia.com\/wp-content\/uploads\/2023\/03\/cristovao-catarino-pinto-nova-261x300.jpg 261w, https:\/\/2wengenharia.com\/wp-content\/uploads\/2023\/03\/cristovao-catarino-pinto-nova-890x1024.jpg 890w, https:\/\/2wengenharia.com\/wp-content\/uploads\/2023\/03\/cristovao-catarino-pinto-nova-768x883.jpg 768w\" sizes=\"(max-width: 1000px) 100vw, 1000px\" \/>\t\t\t\t<div class=\"eihe-caption\">\n\t\t\t\t\t<div class=\"eihe-title-cover\">\n\t\t\t\t\t\t\t\t\t\t\t\t<h2 class=\"eihe-title\">Crist\u00f3v\u00e3o Catarino Pinto<\/h2>\n\t\t\t\t\t\t\t\t\t\t\t<\/div>\n\t\t\t\t\t<p>En ex\u00e9cution<\/p>\n\t\t\t\t<\/div>\n\t\t\t<\/div>\n\t\t\t\t\t\t<\/div>\n\t\t\t\t<\/div>\n\t\t\t\t<div class=\"elementor-element elementor-element-21aa82d elementor-widget elementor-widget-text-editor\" data-id=\"21aa82d\" data-element_type=\"widget\" data-widget_type=\"text-editor.default\">\n\t\t\t\t<div class=\"elementor-widget-container\">\n\t\t\t\t\t\t\t\t\tEn ex\u00e9cution<\/br>\nCristov\u00e3o Catarino Pinto\t\t\t\t\t\t\t\t<\/div>\n\t\t\t\t<\/div>\n\t\t\t\t<div class=\"elementor-element elementor-element-cdcc2af elementor-widget elementor-widget-text-editor\" data-id=\"cdcc2af\" data-element_type=\"widget\" data-widget_type=\"text-editor.default\">\n\t\t\t\t<div class=\"elementor-widget-container\">\n\t\t\t\t\t\t\t\t\tIng\u00e9nieur Civil, Facult\u00e9 d'Ing\u00e9nierie Universit\u00e9 de Coimbra<\/br>\n+ 20 ans d'exp\u00e9rience dans la construction au Portugal et en France<\/br><\/br>\nDirecteur de la construction, Hilton As Cascatas et Hilton Conrad Algarve\t\t\t\t\t\t\t\t<\/div>\n\t\t\t\t<\/div>\n\t\t\t\t\t<\/div>\n\t\t<\/div>\n\t\t\t\t<div class=\"elementor-column elementor-col-50 elementor-inner-column elementor-element elementor-element-7a797e9d\" data-id=\"7a797e9d\" data-element_type=\"column\">\n\t\t\t<div class=\"elementor-widget-wrap elementor-element-populated\">\n\t\t\t\t\t\t<div class=\"elementor-element elementor-element-94b4774 elementor-widget elementor-widget-e_image_hover_effects\" data-id=\"94b4774\" data-element_type=\"widget\" data-widget_type=\"e_image_hover_effects.default\">\n\t\t\t\t<div class=\"elementor-widget-container\">\n\t\t\t\t\t\t\t\t<div class=\"eihe-box eihe-shutter-out-diag-1 eihe_\">\n\t\t\t\t<img loading=\"lazy\" decoding=\"async\" width=\"1000\" height=\"1150\" src=\"https:\/\/2wengenharia.com\/wp-content\/uploads\/2023\/03\/pedro-catarino-pinto-nova.jpg\" class=\"attachment-full size-full wp-image-1112\" alt=\"\" srcset=\"https:\/\/2wengenharia.com\/wp-content\/uploads\/2023\/03\/pedro-catarino-pinto-nova.jpg 1000w, https:\/\/2wengenharia.com\/wp-content\/uploads\/2023\/03\/pedro-catarino-pinto-nova-261x300.jpg 261w, https:\/\/2wengenharia.com\/wp-content\/uploads\/2023\/03\/pedro-catarino-pinto-nova-890x1024.jpg 890w, https:\/\/2wengenharia.com\/wp-content\/uploads\/2023\/03\/pedro-catarino-pinto-nova-768x883.jpg 768w\" sizes=\"(max-width: 1000px) 100vw, 1000px\" \/>\t\t\t\t<div class=\"eihe-caption\">\n\t\t\t\t\t<div class=\"eihe-title-cover\">\n\t\t\t\t\t\t\t\t\t\t\t\t<h2 class=\"eihe-title\">Pedro Catarino Pinto<\/h2>\n\t\t\t\t\t\t\t\t\t\t\t<\/div>\n\t\t\t\t\t<p>En gestion<\/p>\n\t\t\t\t<\/div>\n\t\t\t<\/div>\n\t\t\t\t\t\t<\/div>\n\t\t\t\t<\/div>\n\t\t\t\t<div class=\"elementor-element elementor-element-3e04901 elementor-widget elementor-widget-text-editor\" data-id=\"3e04901\" data-element_type=\"widget\" data-widget_type=\"text-editor.default\">\n\t\t\t\t<div class=\"elementor-widget-container\">\n\t\t\t\t\t\t\t\t\tEn gestion<\/br>\nPedro Catarino Pinto\t\t\t\t\t\t\t\t<\/div>\n\t\t\t\t<\/div>\n\t\t\t\t<div class=\"elementor-element elementor-element-c9b670a elementor-widget elementor-widget-text-editor\" data-id=\"c9b670a\" data-element_type=\"widget\" data-widget_type=\"text-editor.default\">\n\t\t\t\t<div class=\"elementor-widget-container\">\n\t\t\t\t\t\t\t\t\tJuriste, Universidade Portucalense Infante D. Henrique<\/br>\nGestion, \u00c9cole de Commerce Cat\u00f3lica Porto<\/br><\/br>\nDirecteur du D\u00e9partement Juridique, Confrasilvas S.A.\t\t\t\t\t\t\t\t<\/div>\n\t\t\t\t<\/div>\n\t\t\t\t\t<\/div>\n\t\t<\/div>\n\t\t\t\t\t<\/div>\n\t\t<\/section>\n\t\t\t\t\t<\/div>\n\t\t<\/div>\n\t\t\t\t\t<\/div>\n\t\t<\/section>\n\t\t\t\t<\/div>","protected":false},"excerpt":{"rendered":"<p>Sobre N\u00f3s quem somos Acreditamos que a nossa casa \u00e9 o s\u00edtio onde mais queremos estar. Com base neste sentimento, nasce a 2W ENGENHARIA. Porque somos fan\u00e1ticos pelo detalhe. Somos obcecados pelo detalhe. Constru\u00e7\u00e3o Civil Constru\u00edmos de raiz todo o tipo de obras particulares. Nunca \u00e9 tarde para come\u00e7ar do zero. Reabilita\u00e7\u00e3o Reabilitamos e remodelamos [&hellip;]<\/p>","protected":false},"author":1,"featured_media":0,"parent":0,"menu_order":0,"comment_status":"closed","ping_status":"closed","template":"elementor_header_footer","meta":{"footnotes":""},"class_list":["post-278","page","type-page","status-publish","hentry"],"_links":{"self":[{"href":"https:\/\/2wengenharia.com\/fr\/wp-json\/wp\/v2\/pages\/278","targetHints":{"allow":["GET"]}}],"collection":[{"href":"https:\/\/2wengenharia.com\/fr\/wp-json\/wp\/v2\/pages"}],"about":[{"href":"https:\/\/2wengenharia.com\/fr\/wp-json\/wp\/v2\/types\/page"}],"author":[{"embeddable":true,"href":"https:\/\/2wengenharia.com\/fr\/wp-json\/wp\/v2\/users\/1"}],"replies":[{"embeddable":true,"href":"https:\/\/2wengenharia.com\/fr\/wp-json\/wp\/v2\/comments?post=278"}],"version-history":[{"count":31,"href":"https:\/\/2wengenharia.com\/fr\/wp-json\/wp\/v2\/pages\/278\/revisions"}],"predecessor-version":[{"id":1280,"href":"https:\/\/2wengenharia.com\/fr\/wp-json\/wp\/v2\/pages\/278\/revisions\/1280"}],"wp:attachment":[{"href":"https:\/\/2wengenharia.com\/fr\/wp-json\/wp\/v2\/media?parent=278"}],"curies":[{"name":"wp","href":"https:\/\/api.w.org\/{rel}","templated":true}]}}